{"id":697,"date":"2018-11-26T15:22:10","date_gmt":"2018-11-26T14:22:10","guid":{"rendered":"https:\/\/mobimark.es\/corporate\/?post_type=product&#038;p=697"},"modified":"2019-01-11T14:58:54","modified_gmt":"2019-01-11T13:58:54","slug":"colchon-con-grafeno","status":"publish","type":"product","link":"https:\/\/mobimark.es\/corporate\/producto\/colchon-con-grafeno\/","title":{"rendered":"Colch\u00f3n Con Grafeno"},"content":{"rendered":"<div id=\"dslc-theme-content\"><div id=\"dslc-theme-content-inner\"><p><strong>Colch\u00f3n de 150x190cm sistema box con grafeno.<\/strong><\/p>\n<p><strong>CARACTER\u00cdSTICAS DEL COLCH\u00d3N<\/strong><\/p>\n<p>Beneficios<\/p>\n<p>Los detalles importan:\u00a0perfecta adaptaci\u00f3n.<\/p>\n<p>Elegancia con la suavidad de una caricia:\u00a0gracias a su selecci\u00f3n de tejidos y sus acolchados anat\u00f3micamente estudiados.<\/p>\n<p>La Perfecta Armon\u00eda en tu cuerpo:\u00a0perfecta adaptaci\u00f3n gracias a su doble n\u00facleo de muelle ensacado con m\u00e1s de 2000 muelles, con TopSpring y base alta firmeza Xtra Quality Spring Pocket. Adaptaci\u00f3n multi-zona eliminando la presi\u00f3n en todo el cuerpo. Su interior con capa de aire facilita un ambiente fresco e id\u00f3neo para el descanso. Confort envolvente con independencia de lechos.<\/p>\n<p>TEJIDO STRECH QUALITY<br \/>\nTejido t\u00e9cnico de alto gramaje que dota al colch\u00f3n de un mayor confort al potenciar y mejorar las car\u00e1cteristicas de su n\u00facleo, con mezcla inteligente de materiales de alta calidad como de Viscosa, Poliester y Lycra.<\/p>\n<p>La Viscosa aporta un tacto seda con las ventajas del algod\u00f3n, la practicidad del poliester y la alta calidad y elasticidad del tejido Lycra hacen sin duda del tejido Quality un soporte ideal para el descanso.<\/p>\n<p>ACTIVE FOAM GRAFENO.<br \/>\nEl material del futuro para el descanso, destacando por ser duradero y resistente, muy ligero, alta conductividad t\u00e9rmica, flexible y el\u00e1stico, transpirable y con efecto ionizante, de alto grado higi\u00e9nico aportando mejoras en nuestra salud y descanso.<\/p>\n<p>TOP SPRING POCKET.<br \/>\nM\u00e1xima adaptaci\u00f3n al cuerpo gracias a su Topper de Muelle ensacado multizona (1300 muelles de zona de contacto), obteniendo el m\u00e1ximo confort y probablemente la mejor superficie de descanso disponible actualmente.<\/p>\n<p>XTRA QUALITY SPRING POCKET.<br \/>\nCarcasa de alta firmeza de muelle ensacado (700 muelles) de \u00faltima generaci\u00f3n que permite el mejor descanso gracias a su c\u00e1mara natural de aire y su excelente adaptaci\u00f3n, obteniendo lechos independientes lo que aporta un sue\u00f1o m\u00e1s profundo y reparador.<\/p>\n<\/div><\/div>","protected":false},"excerpt":{"rendered":"<p>Colch\u00f3n de 150x190cm sistema box con grafeno.<\/p>\n","protected":false},"featured_media":698,"template":"","meta":[],"product_brand":[],"product_cat":[39,49,44,61],"product_tag":[],"class_list":{"0":"post-697","1":"product","2":"type-product","3":"status-publish","4":"has-post-thumbnail","6":"product_cat-catalogo-general","7":"product_cat-ofertas-y-rebajas","8":"product_cat-descanso","9":"product_cat-colchones","10":"clearfix","12":"first","13":"instock","14":"sale","15":"featured","16":"taxable","17":"shipping-taxable","18":"purchasable","19":"product-type-simple"},"yoast_head":"<!-- This site is optimized with the Yoast SEO plugin v27.2 - https:\/\/yoast.com\/product\/yoast-seo-wordpress\/ -->\n<title>Colch\u00f3n Con Grafeno - GRUP MOBIMARK | Mobles a Sant Celoni<\/title>\n<meta name=\"robots\" content=\"index, follow, max-snippet:-1, max-image-preview:large, max-video-preview:-1\" \/>\n<link rel=\"canonical\" href=\"https:\/\/mobimark.es\/corporate\/producto\/colchon-con-grafeno\/\" \/>\n<meta property=\"og:locale\" content=\"es_ES\" \/>\n<meta property=\"og:type\" content=\"article\" \/>\n<meta property=\"og:title\" content=\"Colch\u00f3n Con Grafeno - GRUP MOBIMARK | Mobles a Sant Celoni\" \/>\n<meta property=\"og:description\" content=\"Colch\u00f3n de 150x190cm sistema box con grafeno.\" \/>\n<meta property=\"og:url\" content=\"https:\/\/mobimark.es\/corporate\/producto\/colchon-con-grafeno\/\" \/>\n<meta property=\"og:site_name\" content=\"GRUP MOBIMARK | Mobles a Sant Celoni\" \/>\n<meta property=\"article:publisher\" content=\"https:\/\/www.facebook.com\/GrupMobimark\/\" \/>\n<meta property=\"article:modified_time\" content=\"2019-01-11T13:58:54+00:00\" \/>\n<meta property=\"og:image\" content=\"https:\/\/mobimark.es\/corporate\/wp-content\/uploads\/2018\/11\/hilding-anders-spain-colchones-trevi.jpg\" \/>\n\t<meta property=\"og:image:width\" content=\"1200\" \/>\n\t<meta property=\"og:image:height\" content=\"1107\" \/>\n\t<meta property=\"og:image:type\" content=\"image\/jpeg\" \/>\n<meta name=\"twitter:card\" content=\"summary_large_image\" \/>\n<meta name=\"twitter:label1\" content=\"Tiempo de lectura\" \/>\n\t<meta name=\"twitter:data1\" content=\"2 minutos\" \/>\n<script type=\"application\/ld+json\" class=\"yoast-schema-graph\">{\"@context\":\"https:\/\/schema.org\",\"@graph\":[{\"@type\":\"WebPage\",\"@id\":\"https:\/\/mobimark.es\/corporate\/producto\/colchon-con-grafeno\/\",\"url\":\"https:\/\/mobimark.es\/corporate\/producto\/colchon-con-grafeno\/\",\"name\":\"Colch\u00f3n Con Grafeno - GRUP MOBIMARK | Mobles a Sant Celoni\",\"isPartOf\":{\"@id\":\"https:\/\/mobimark.es\/corporate\/#website\"},\"primaryImageOfPage\":{\"@id\":\"https:\/\/mobimark.es\/corporate\/producto\/colchon-con-grafeno\/#primaryimage\"},\"image\":{\"@id\":\"https:\/\/mobimark.es\/corporate\/producto\/colchon-con-grafeno\/#primaryimage\"},\"thumbnailUrl\":\"https:\/\/mobimark.es\/corporate\/wp-content\/uploads\/2018\/11\/hilding-anders-spain-colchones-trevi.jpg\",\"datePublished\":\"2018-11-26T14:22:10+00:00\",\"dateModified\":\"2019-01-11T13:58:54+00:00\",\"breadcrumb\":{\"@id\":\"https:\/\/mobimark.es\/corporate\/producto\/colchon-con-grafeno\/#breadcrumb\"},\"inLanguage\":\"es\",\"potentialAction\":[{\"@type\":\"ReadAction\",\"target\":[\"https:\/\/mobimark.es\/corporate\/producto\/colchon-con-grafeno\/\"]}]},{\"@type\":\"ImageObject\",\"inLanguage\":\"es\",\"@id\":\"https:\/\/mobimark.es\/corporate\/producto\/colchon-con-grafeno\/#primaryimage\",\"url\":\"https:\/\/mobimark.es\/corporate\/wp-content\/uploads\/2018\/11\/hilding-anders-spain-colchones-trevi.jpg\",\"contentUrl\":\"https:\/\/mobimark.es\/corporate\/wp-content\/uploads\/2018\/11\/hilding-anders-spain-colchones-trevi.jpg\",\"width\":1200,\"height\":1107},{\"@type\":\"BreadcrumbList\",\"@id\":\"https:\/\/mobimark.es\/corporate\/producto\/colchon-con-grafeno\/#breadcrumb\",\"itemListElement\":[{\"@type\":\"ListItem\",\"position\":1,\"name\":\"Portada\",\"item\":\"https:\/\/mobimark.es\/corporate\/\"},{\"@type\":\"ListItem\",\"position\":2,\"name\":\"Colch\u00f3n Con Grafeno\"}]},{\"@type\":\"WebSite\",\"@id\":\"https:\/\/mobimark.es\/corporate\/#website\",\"url\":\"https:\/\/mobimark.es\/corporate\/\",\"name\":\"GRUP MOBIMARK | Mobles a Sant Celoni\",\"description\":\"Botiga de Mobles a Sant Celoni\",\"publisher\":{\"@id\":\"https:\/\/mobimark.es\/corporate\/#organization\"},\"potentialAction\":[{\"@type\":\"SearchAction\",\"target\":{\"@type\":\"EntryPoint\",\"urlTemplate\":\"https:\/\/mobimark.es\/corporate\/?s={search_term_string}\"},\"query-input\":{\"@type\":\"PropertyValueSpecification\",\"valueRequired\":true,\"valueName\":\"search_term_string\"}}],\"inLanguage\":\"es\"},{\"@type\":\"Organization\",\"@id\":\"https:\/\/mobimark.es\/corporate\/#organization\",\"name\":\"MOBIMARK |\u00a0Showroom mobiliari\",\"url\":\"https:\/\/mobimark.es\/corporate\/\",\"logo\":{\"@type\":\"ImageObject\",\"inLanguage\":\"es\",\"@id\":\"https:\/\/mobimark.es\/corporate\/#\/schema\/logo\/image\/\",\"url\":\"https:\/\/mobimark.es\/corporate\/wp-content\/uploads\/2018\/04\/logo_mobimark-web.png\",\"contentUrl\":\"https:\/\/mobimark.es\/corporate\/wp-content\/uploads\/2018\/04\/logo_mobimark-web.png\",\"width\":350,\"height\":85,\"caption\":\"MOBIMARK |\u00a0Showroom mobiliari\"},\"image\":{\"@id\":\"https:\/\/mobimark.es\/corporate\/#\/schema\/logo\/image\/\"},\"sameAs\":[\"https:\/\/www.facebook.com\/GrupMobimark\/\"]}]}<\/script>\n<!-- \/ Yoast SEO plugin. -->","yoast_head_json":{"title":"Colch\u00f3n Con Grafeno - GRUP MOBIMARK | Mobles a Sant Celoni","robots":{"index":"index","follow":"follow","max-snippet":"max-snippet:-1","max-image-preview":"max-image-preview:large","max-video-preview":"max-video-preview:-1"},"canonical":"https:\/\/mobimark.es\/corporate\/producto\/colchon-con-grafeno\/","og_locale":"es_ES","og_type":"article","og_title":"Colch\u00f3n Con Grafeno - GRUP MOBIMARK | Mobles a Sant Celoni","og_description":"Colch\u00f3n de 150x190cm sistema box con grafeno.","og_url":"https:\/\/mobimark.es\/corporate\/producto\/colchon-con-grafeno\/","og_site_name":"GRUP MOBIMARK | Mobles a Sant Celoni","article_publisher":"https:\/\/www.facebook.com\/GrupMobimark\/","article_modified_time":"2019-01-11T13:58:54+00:00","og_image":[{"width":1200,"height":1107,"url":"https:\/\/mobimark.es\/corporate\/wp-content\/uploads\/2018\/11\/hilding-anders-spain-colchones-trevi.jpg","type":"image\/jpeg"}],"twitter_card":"summary_large_image","twitter_misc":{"Tiempo de lectura":"2 minutos"},"schema":{"@context":"https:\/\/schema.org","@graph":[{"@type":"WebPage","@id":"https:\/\/mobimark.es\/corporate\/producto\/colchon-con-grafeno\/","url":"https:\/\/mobimark.es\/corporate\/producto\/colchon-con-grafeno\/","name":"Colch\u00f3n Con Grafeno - GRUP MOBIMARK | Mobles a Sant Celoni","isPartOf":{"@id":"https:\/\/mobimark.es\/corporate\/#website"},"primaryImageOfPage":{"@id":"https:\/\/mobimark.es\/corporate\/producto\/colchon-con-grafeno\/#primaryimage"},"image":{"@id":"https:\/\/mobimark.es\/corporate\/producto\/colchon-con-grafeno\/#primaryimage"},"thumbnailUrl":"https:\/\/mobimark.es\/corporate\/wp-content\/uploads\/2018\/11\/hilding-anders-spain-colchones-trevi.jpg","datePublished":"2018-11-26T14:22:10+00:00","dateModified":"2019-01-11T13:58:54+00:00","breadcrumb":{"@id":"https:\/\/mobimark.es\/corporate\/producto\/colchon-con-grafeno\/#breadcrumb"},"inLanguage":"es","potentialAction":[{"@type":"ReadAction","target":["https:\/\/mobimark.es\/corporate\/producto\/colchon-con-grafeno\/"]}]},{"@type":"ImageObject","inLanguage":"es","@id":"https:\/\/mobimark.es\/corporate\/producto\/colchon-con-grafeno\/#primaryimage","url":"https:\/\/mobimark.es\/corporate\/wp-content\/uploads\/2018\/11\/hilding-anders-spain-colchones-trevi.jpg","contentUrl":"https:\/\/mobimark.es\/corporate\/wp-content\/uploads\/2018\/11\/hilding-anders-spain-colchones-trevi.jpg","width":1200,"height":1107},{"@type":"BreadcrumbList","@id":"https:\/\/mobimark.es\/corporate\/producto\/colchon-con-grafeno\/#breadcrumb","itemListElement":[{"@type":"ListItem","position":1,"name":"Portada","item":"https:\/\/mobimark.es\/corporate\/"},{"@type":"ListItem","position":2,"name":"Colch\u00f3n Con Grafeno"}]},{"@type":"WebSite","@id":"https:\/\/mobimark.es\/corporate\/#website","url":"https:\/\/mobimark.es\/corporate\/","name":"GRUP MOBIMARK | Mobles a Sant Celoni","description":"Botiga de Mobles a Sant Celoni","publisher":{"@id":"https:\/\/mobimark.es\/corporate\/#organization"},"potentialAction":[{"@type":"SearchAction","target":{"@type":"EntryPoint","urlTemplate":"https:\/\/mobimark.es\/corporate\/?s={search_term_string}"},"query-input":{"@type":"PropertyValueSpecification","valueRequired":true,"valueName":"search_term_string"}}],"inLanguage":"es"},{"@type":"Organization","@id":"https:\/\/mobimark.es\/corporate\/#organization","name":"MOBIMARK |\u00a0Showroom mobiliari","url":"https:\/\/mobimark.es\/corporate\/","logo":{"@type":"ImageObject","inLanguage":"es","@id":"https:\/\/mobimark.es\/corporate\/#\/schema\/logo\/image\/","url":"https:\/\/mobimark.es\/corporate\/wp-content\/uploads\/2018\/04\/logo_mobimark-web.png","contentUrl":"https:\/\/mobimark.es\/corporate\/wp-content\/uploads\/2018\/04\/logo_mobimark-web.png","width":350,"height":85,"caption":"MOBIMARK |\u00a0Showroom mobiliari"},"image":{"@id":"https:\/\/mobimark.es\/corporate\/#\/schema\/logo\/image\/"},"sameAs":["https:\/\/www.facebook.com\/GrupMobimark\/"]}]}},"_links":{"self":[{"href":"https:\/\/mobimark.es\/corporate\/wp-json\/wp\/v2\/product\/697","targetHints":{"allow":["GET"]}}],"collection":[{"href":"https:\/\/mobimark.es\/corporate\/wp-json\/wp\/v2\/product"}],"about":[{"href":"https:\/\/mobimark.es\/corporate\/wp-json\/wp\/v2\/types\/product"}],"wp:featuredmedia":[{"embeddable":true,"href":"https:\/\/mobimark.es\/corporate\/wp-json\/wp\/v2\/media\/698"}],"wp:attachment":[{"href":"https:\/\/mobimark.es\/corporate\/wp-json\/wp\/v2\/media?parent=697"}],"wp:term":[{"taxonomy":"product_brand","embeddable":true,"href":"https:\/\/mobimark.es\/corporate\/wp-json\/wp\/v2\/product_brand?post=697"},{"taxonomy":"product_cat","embeddable":true,"href":"https:\/\/mobimark.es\/corporate\/wp-json\/wp\/v2\/product_cat?post=697"},{"taxonomy":"product_tag","embeddable":true,"href":"https:\/\/mobimark.es\/corporate\/wp-json\/wp\/v2\/product_tag?post=697"}],"curies":[{"name":"wp","href":"https:\/\/api.w.org\/{rel}","templated":true}]}}