{"id":588,"date":"2018-11-07T17:31:35","date_gmt":"2018-11-07T16:31:35","guid":{"rendered":"https:\/\/mobimark.es\/corporate\/producto\/mesa-extensible\/"},"modified":"2020-06-23T12:11:01","modified_gmt":"2020-06-23T11:11:01","slug":"mesa-extensible","status":"publish","type":"product","link":"https:\/\/mobimark.es\/corporate\/producto\/mesa-extensible\/","title":{"rendered":"Mesa Extensible"},"content":{"rendered":"<div id=\"dslc-theme-content\"><div id=\"dslc-theme-content-inner\"><p>Mesa bonita, pr\u00e1ctica y muy funcional, dispone de un sistema de apertura de gu\u00edas extensibles \u00e1gil y funcional.<\/p>\n<\/p>\n<p>Este sistema ofrece tres ventajas sobre los sistemas convencionales:<\/p>\n<p>1.- La diferencia m\u00e1s notable reside en su sistema de apertura extensible. Es un sistema de apertura r\u00e1pida.<\/p>\n<\/p>\n<p>2.- El mecanismo de guias extensibles, le da una fiabilidad y estabilidad que no tiene ning\u00fan otro sistema de apertura. Cuando abrimos la mesa y posicionado el\/los extensibles, las patas de la mesa se desplazan hasta el extremo de la misma, dando a la mesa una firmeza inigualable cuando est\u00e1 abierta.<\/p>\n<\/p>\n<p>3.- Este mismo sistema, evita que quede ninguna \u201cala\u201d (extensible), evitando posibles vuelcos o roturas al apoyarnos en ellos.<\/p>\n<\/p>\n<p><strong>MEDIDAS<\/strong>: existen multiples medidas, pero las mas frecuentes son de 120-130-160x90cm.<\/p>\n<\/p>\n<p>Multiples colores y diferentes acabados de maderas y materiales texturizados.<\/p>\n<p>\u00a0<\/p>\n<p>Precios a partir de 395.-\u20ac<\/p>\n<p>o 39.-\u20ac al mes en 10 meses sin intereses<\/p>\n<\/div><\/div>","protected":false},"excerpt":{"rendered":"<div class=\"page\" title=\"Page 1\" style=\"font-family:'-webkit-standard';\">\n<div class=\"layoutArea\">\n<div class=\"column\">\n<p><span style=\"font-family:Calibri;font-size:11pt;\">Mesa pr\u00e1ctica\u00a0y funcional\u00a0con\u00a0sistema de apertura de guias extensibles. En m\u00faltiples medidas, colores y acabados.<\/span><\/p>\n<\/p><\/div>\n<\/p><\/div>\n<\/p><\/div>\n","protected":false},"featured_media":582,"template":"","meta":[],"product_brand":[],"product_cat":[38,39,46,60,52],"product_tag":[],"class_list":{"0":"post-588","1":"product","2":"type-product","3":"status-publish","4":"has-post-thumbnail","6":"product_cat-inicio","7":"product_cat-catalogo-general","8":"product_cat-salon","9":"product_cat-mesas-y-sillas","10":"product_cat-novedades","11":"clearfix","13":"first","14":"instock","15":"featured","16":"taxable","17":"shipping-taxable","18":"purchasable","19":"product-type-simple"},"yoast_head":"<!-- This site is optimized with the Yoast SEO plugin v27.2 - https:\/\/yoast.com\/product\/yoast-seo-wordpress\/ -->\n<title>Mesa Extensible - GRUP MOBIMARK | Mobles a Sant Celoni<\/title>\n<meta name=\"robots\" content=\"index, follow, max-snippet:-1, max-image-preview:large, max-video-preview:-1\" \/>\n<link rel=\"canonical\" href=\"https:\/\/mobimark.es\/corporate\/producto\/mesa-extensible\/\" \/>\n<meta property=\"og:locale\" content=\"es_ES\" \/>\n<meta property=\"og:type\" content=\"article\" \/>\n<meta property=\"og:title\" content=\"Mesa Extensible - GRUP MOBIMARK | Mobles a Sant Celoni\" \/>\n<meta property=\"og:description\" content=\"Mesa pr\u00e1ctica\u00a0y funcional\u00a0con\u00a0sistema de apertura de guias extensibles. En m\u00faltiples medidas, colores y acabados.\" \/>\n<meta property=\"og:url\" content=\"https:\/\/mobimark.es\/corporate\/producto\/mesa-extensible\/\" \/>\n<meta property=\"og:site_name\" content=\"GRUP MOBIMARK | Mobles a Sant Celoni\" \/>\n<meta property=\"article:publisher\" content=\"https:\/\/www.facebook.com\/GrupMobimark\/\" \/>\n<meta property=\"article:modified_time\" content=\"2020-06-23T11:11:01+00:00\" \/>\n<meta property=\"og:image\" content=\"https:\/\/mobimark.es\/corporate\/wp-content\/uploads\/2018\/11\/302-Mesa-Extensible.jpg\" \/>\n\t<meta property=\"og:image:width\" content=\"900\" \/>\n\t<meta property=\"og:image:height\" content=\"560\" \/>\n\t<meta property=\"og:image:type\" content=\"image\/jpeg\" \/>\n<meta name=\"twitter:card\" content=\"summary_large_image\" \/>\n<meta name=\"twitter:label1\" content=\"Tiempo de lectura\" \/>\n\t<meta name=\"twitter:data1\" content=\"1 minuto\" \/>\n<script type=\"application\/ld+json\" class=\"yoast-schema-graph\">{\"@context\":\"https:\/\/schema.org\",\"@graph\":[{\"@type\":\"WebPage\",\"@id\":\"https:\/\/mobimark.es\/corporate\/producto\/mesa-extensible\/\",\"url\":\"https:\/\/mobimark.es\/corporate\/producto\/mesa-extensible\/\",\"name\":\"Mesa Extensible - GRUP MOBIMARK | Mobles a Sant Celoni\",\"isPartOf\":{\"@id\":\"https:\/\/mobimark.es\/corporate\/#website\"},\"primaryImageOfPage\":{\"@id\":\"https:\/\/mobimark.es\/corporate\/producto\/mesa-extensible\/#primaryimage\"},\"image\":{\"@id\":\"https:\/\/mobimark.es\/corporate\/producto\/mesa-extensible\/#primaryimage\"},\"thumbnailUrl\":\"https:\/\/mobimark.es\/corporate\/wp-content\/uploads\/2018\/11\/302-Mesa-Extensible.jpg\",\"datePublished\":\"2018-11-07T16:31:35+00:00\",\"dateModified\":\"2020-06-23T11:11:01+00:00\",\"breadcrumb\":{\"@id\":\"https:\/\/mobimark.es\/corporate\/producto\/mesa-extensible\/#breadcrumb\"},\"inLanguage\":\"es\",\"potentialAction\":[{\"@type\":\"ReadAction\",\"target\":[\"https:\/\/mobimark.es\/corporate\/producto\/mesa-extensible\/\"]}]},{\"@type\":\"ImageObject\",\"inLanguage\":\"es\",\"@id\":\"https:\/\/mobimark.es\/corporate\/producto\/mesa-extensible\/#primaryimage\",\"url\":\"https:\/\/mobimark.es\/corporate\/wp-content\/uploads\/2018\/11\/302-Mesa-Extensible.jpg\",\"contentUrl\":\"https:\/\/mobimark.es\/corporate\/wp-content\/uploads\/2018\/11\/302-Mesa-Extensible.jpg\",\"width\":900,\"height\":560,\"caption\":\"Mesa Extensible\"},{\"@type\":\"BreadcrumbList\",\"@id\":\"https:\/\/mobimark.es\/corporate\/producto\/mesa-extensible\/#breadcrumb\",\"itemListElement\":[{\"@type\":\"ListItem\",\"position\":1,\"name\":\"Portada\",\"item\":\"https:\/\/mobimark.es\/corporate\/\"},{\"@type\":\"ListItem\",\"position\":2,\"name\":\"Mesa Extensible\"}]},{\"@type\":\"WebSite\",\"@id\":\"https:\/\/mobimark.es\/corporate\/#website\",\"url\":\"https:\/\/mobimark.es\/corporate\/\",\"name\":\"GRUP MOBIMARK | Mobles a Sant Celoni\",\"description\":\"Botiga de Mobles a Sant Celoni\",\"publisher\":{\"@id\":\"https:\/\/mobimark.es\/corporate\/#organization\"},\"potentialAction\":[{\"@type\":\"SearchAction\",\"target\":{\"@type\":\"EntryPoint\",\"urlTemplate\":\"https:\/\/mobimark.es\/corporate\/?s={search_term_string}\"},\"query-input\":{\"@type\":\"PropertyValueSpecification\",\"valueRequired\":true,\"valueName\":\"search_term_string\"}}],\"inLanguage\":\"es\"},{\"@type\":\"Organization\",\"@id\":\"https:\/\/mobimark.es\/corporate\/#organization\",\"name\":\"MOBIMARK |\u00a0Showroom mobiliari\",\"url\":\"https:\/\/mobimark.es\/corporate\/\",\"logo\":{\"@type\":\"ImageObject\",\"inLanguage\":\"es\",\"@id\":\"https:\/\/mobimark.es\/corporate\/#\/schema\/logo\/image\/\",\"url\":\"https:\/\/mobimark.es\/corporate\/wp-content\/uploads\/2018\/04\/logo_mobimark-web.png\",\"contentUrl\":\"https:\/\/mobimark.es\/corporate\/wp-content\/uploads\/2018\/04\/logo_mobimark-web.png\",\"width\":350,\"height\":85,\"caption\":\"MOBIMARK |\u00a0Showroom mobiliari\"},\"image\":{\"@id\":\"https:\/\/mobimark.es\/corporate\/#\/schema\/logo\/image\/\"},\"sameAs\":[\"https:\/\/www.facebook.com\/GrupMobimark\/\"]}]}<\/script>\n<!-- \/ Yoast SEO plugin. -->","yoast_head_json":{"title":"Mesa Extensible - GRUP MOBIMARK | Mobles a Sant Celoni","robots":{"index":"index","follow":"follow","max-snippet":"max-snippet:-1","max-image-preview":"max-image-preview:large","max-video-preview":"max-video-preview:-1"},"canonical":"https:\/\/mobimark.es\/corporate\/producto\/mesa-extensible\/","og_locale":"es_ES","og_type":"article","og_title":"Mesa Extensible - GRUP MOBIMARK | Mobles a Sant Celoni","og_description":"Mesa pr\u00e1ctica\u00a0y funcional\u00a0con\u00a0sistema de apertura de guias extensibles. En m\u00faltiples medidas, colores y acabados.","og_url":"https:\/\/mobimark.es\/corporate\/producto\/mesa-extensible\/","og_site_name":"GRUP MOBIMARK | Mobles a Sant Celoni","article_publisher":"https:\/\/www.facebook.com\/GrupMobimark\/","article_modified_time":"2020-06-23T11:11:01+00:00","og_image":[{"width":900,"height":560,"url":"https:\/\/mobimark.es\/corporate\/wp-content\/uploads\/2018\/11\/302-Mesa-Extensible.jpg","type":"image\/jpeg"}],"twitter_card":"summary_large_image","twitter_misc":{"Tiempo de lectura":"1 minuto"},"schema":{"@context":"https:\/\/schema.org","@graph":[{"@type":"WebPage","@id":"https:\/\/mobimark.es\/corporate\/producto\/mesa-extensible\/","url":"https:\/\/mobimark.es\/corporate\/producto\/mesa-extensible\/","name":"Mesa Extensible - GRUP MOBIMARK | Mobles a Sant Celoni","isPartOf":{"@id":"https:\/\/mobimark.es\/corporate\/#website"},"primaryImageOfPage":{"@id":"https:\/\/mobimark.es\/corporate\/producto\/mesa-extensible\/#primaryimage"},"image":{"@id":"https:\/\/mobimark.es\/corporate\/producto\/mesa-extensible\/#primaryimage"},"thumbnailUrl":"https:\/\/mobimark.es\/corporate\/wp-content\/uploads\/2018\/11\/302-Mesa-Extensible.jpg","datePublished":"2018-11-07T16:31:35+00:00","dateModified":"2020-06-23T11:11:01+00:00","breadcrumb":{"@id":"https:\/\/mobimark.es\/corporate\/producto\/mesa-extensible\/#breadcrumb"},"inLanguage":"es","potentialAction":[{"@type":"ReadAction","target":["https:\/\/mobimark.es\/corporate\/producto\/mesa-extensible\/"]}]},{"@type":"ImageObject","inLanguage":"es","@id":"https:\/\/mobimark.es\/corporate\/producto\/mesa-extensible\/#primaryimage","url":"https:\/\/mobimark.es\/corporate\/wp-content\/uploads\/2018\/11\/302-Mesa-Extensible.jpg","contentUrl":"https:\/\/mobimark.es\/corporate\/wp-content\/uploads\/2018\/11\/302-Mesa-Extensible.jpg","width":900,"height":560,"caption":"Mesa Extensible"},{"@type":"BreadcrumbList","@id":"https:\/\/mobimark.es\/corporate\/producto\/mesa-extensible\/#breadcrumb","itemListElement":[{"@type":"ListItem","position":1,"name":"Portada","item":"https:\/\/mobimark.es\/corporate\/"},{"@type":"ListItem","position":2,"name":"Mesa Extensible"}]},{"@type":"WebSite","@id":"https:\/\/mobimark.es\/corporate\/#website","url":"https:\/\/mobimark.es\/corporate\/","name":"GRUP MOBIMARK | Mobles a Sant Celoni","description":"Botiga de Mobles a Sant Celoni","publisher":{"@id":"https:\/\/mobimark.es\/corporate\/#organization"},"potentialAction":[{"@type":"SearchAction","target":{"@type":"EntryPoint","urlTemplate":"https:\/\/mobimark.es\/corporate\/?s={search_term_string}"},"query-input":{"@type":"PropertyValueSpecification","valueRequired":true,"valueName":"search_term_string"}}],"inLanguage":"es"},{"@type":"Organization","@id":"https:\/\/mobimark.es\/corporate\/#organization","name":"MOBIMARK |\u00a0Showroom mobiliari","url":"https:\/\/mobimark.es\/corporate\/","logo":{"@type":"ImageObject","inLanguage":"es","@id":"https:\/\/mobimark.es\/corporate\/#\/schema\/logo\/image\/","url":"https:\/\/mobimark.es\/corporate\/wp-content\/uploads\/2018\/04\/logo_mobimark-web.png","contentUrl":"https:\/\/mobimark.es\/corporate\/wp-content\/uploads\/2018\/04\/logo_mobimark-web.png","width":350,"height":85,"caption":"MOBIMARK |\u00a0Showroom mobiliari"},"image":{"@id":"https:\/\/mobimark.es\/corporate\/#\/schema\/logo\/image\/"},"sameAs":["https:\/\/www.facebook.com\/GrupMobimark\/"]}]}},"_links":{"self":[{"href":"https:\/\/mobimark.es\/corporate\/wp-json\/wp\/v2\/product\/588","targetHints":{"allow":["GET"]}}],"collection":[{"href":"https:\/\/mobimark.es\/corporate\/wp-json\/wp\/v2\/product"}],"about":[{"href":"https:\/\/mobimark.es\/corporate\/wp-json\/wp\/v2\/types\/product"}],"wp:featuredmedia":[{"embeddable":true,"href":"https:\/\/mobimark.es\/corporate\/wp-json\/wp\/v2\/media\/582"}],"wp:attachment":[{"href":"https:\/\/mobimark.es\/corporate\/wp-json\/wp\/v2\/media?parent=588"}],"wp:term":[{"taxonomy":"product_brand","embeddable":true,"href":"https:\/\/mobimark.es\/corporate\/wp-json\/wp\/v2\/product_brand?post=588"},{"taxonomy":"product_cat","embeddable":true,"href":"https:\/\/mobimark.es\/corporate\/wp-json\/wp\/v2\/product_cat?post=588"},{"taxonomy":"product_tag","embeddable":true,"href":"https:\/\/mobimark.es\/corporate\/wp-json\/wp\/v2\/product_tag?post=588"}],"curies":[{"name":"wp","href":"https:\/\/api.w.org\/{rel}","templated":true}]}}