{"id":422,"date":"2018-08-05T08:52:26","date_gmt":"2018-08-05T07:52:26","guid":{"rendered":"https:\/\/mobimark.es\/corporate\/producto\/sofa-3-plazas\/"},"modified":"2020-06-23T11:20:28","modified_gmt":"2020-06-23T10:20:28","slug":"sofa-3-plazas","status":"publish","type":"product","link":"https:\/\/mobimark.es\/corporate\/producto\/sofa-3-plazas\/","title":{"rendered":"Sof\u00e1 3 Plazas"},"content":{"rendered":"<div id=\"dslc-theme-content\"><div id=\"dslc-theme-content-inner\"><p>Fant\u00e1stico sof\u00e1 de 3 plazas con opci\u00f3n de asientos extensibles de regalo.<\/p>\n<p>En exposici\u00f3n en tienda de Sant Celoni.<\/p>\n<\/div><\/div>","protected":false},"excerpt":{"rendered":"<p>Sof\u00e1 de 3 plazas con asientos extensibles de regalo.<\/p>\n","protected":false},"featured_media":420,"template":"","meta":[],"product_brand":[],"product_cat":[38,39,49,41],"product_tag":[],"class_list":{"0":"post-422","1":"product","2":"type-product","3":"status-publish","4":"has-post-thumbnail","6":"product_cat-inicio","7":"product_cat-catalogo-general","8":"product_cat-ofertas-y-rebajas","9":"product_cat-sofas","10":"clearfix","12":"first","13":"instock","14":"taxable","15":"shipping-taxable","16":"purchasable","17":"product-type-simple"},"yoast_head":"<!-- This site is optimized with the Yoast SEO plugin v27.2 - https:\/\/yoast.com\/product\/yoast-seo-wordpress\/ -->\n<title>Sof\u00e1 3 Plazas - GRUP MOBIMARK | Mobles a Sant Celoni<\/title>\n<meta name=\"robots\" content=\"index, follow, max-snippet:-1, max-image-preview:large, max-video-preview:-1\" \/>\n<link rel=\"canonical\" href=\"https:\/\/mobimark.es\/corporate\/producto\/sofa-3-plazas\/\" \/>\n<meta property=\"og:locale\" content=\"es_ES\" \/>\n<meta property=\"og:type\" content=\"article\" \/>\n<meta property=\"og:title\" content=\"Sof\u00e1 3 Plazas - GRUP MOBIMARK | Mobles a Sant Celoni\" \/>\n<meta property=\"og:description\" content=\"Sof\u00e1 de 3 plazas con asientos extensibles de regalo.\" \/>\n<meta property=\"og:url\" content=\"https:\/\/mobimark.es\/corporate\/producto\/sofa-3-plazas\/\" \/>\n<meta property=\"og:site_name\" content=\"GRUP MOBIMARK | Mobles a Sant Celoni\" \/>\n<meta property=\"article:publisher\" content=\"https:\/\/www.facebook.com\/GrupMobimark\/\" \/>\n<meta property=\"article:modified_time\" content=\"2020-06-23T10:20:28+00:00\" \/>\n<meta property=\"og:image\" content=\"https:\/\/mobimark.es\/corporate\/wp-content\/uploads\/2018\/08\/174-Sofa-3-Plazas.jpg\" \/>\n\t<meta property=\"og:image:width\" content=\"628\" \/>\n\t<meta property=\"og:image:height\" content=\"628\" \/>\n\t<meta property=\"og:image:type\" content=\"image\/jpeg\" \/>\n<meta name=\"twitter:card\" content=\"summary_large_image\" \/>\n<script type=\"application\/ld+json\" class=\"yoast-schema-graph\">{\"@context\":\"https:\/\/schema.org\",\"@graph\":[{\"@type\":\"WebPage\",\"@id\":\"https:\/\/mobimark.es\/corporate\/producto\/sofa-3-plazas\/\",\"url\":\"https:\/\/mobimark.es\/corporate\/producto\/sofa-3-plazas\/\",\"name\":\"Sof\u00e1 3 Plazas - GRUP MOBIMARK | Mobles a Sant Celoni\",\"isPartOf\":{\"@id\":\"https:\/\/mobimark.es\/corporate\/#website\"},\"primaryImageOfPage\":{\"@id\":\"https:\/\/mobimark.es\/corporate\/producto\/sofa-3-plazas\/#primaryimage\"},\"image\":{\"@id\":\"https:\/\/mobimark.es\/corporate\/producto\/sofa-3-plazas\/#primaryimage\"},\"thumbnailUrl\":\"https:\/\/mobimark.es\/corporate\/wp-content\/uploads\/2018\/08\/174-Sofa-3-Plazas.jpg\",\"datePublished\":\"2018-08-05T07:52:26+00:00\",\"dateModified\":\"2020-06-23T10:20:28+00:00\",\"breadcrumb\":{\"@id\":\"https:\/\/mobimark.es\/corporate\/producto\/sofa-3-plazas\/#breadcrumb\"},\"inLanguage\":\"es\",\"potentialAction\":[{\"@type\":\"ReadAction\",\"target\":[\"https:\/\/mobimark.es\/corporate\/producto\/sofa-3-plazas\/\"]}]},{\"@type\":\"ImageObject\",\"inLanguage\":\"es\",\"@id\":\"https:\/\/mobimark.es\/corporate\/producto\/sofa-3-plazas\/#primaryimage\",\"url\":\"https:\/\/mobimark.es\/corporate\/wp-content\/uploads\/2018\/08\/174-Sofa-3-Plazas.jpg\",\"contentUrl\":\"https:\/\/mobimark.es\/corporate\/wp-content\/uploads\/2018\/08\/174-Sofa-3-Plazas.jpg\",\"width\":628,\"height\":628,\"caption\":\"Sof\u00e1 3 Plazas\"},{\"@type\":\"BreadcrumbList\",\"@id\":\"https:\/\/mobimark.es\/corporate\/producto\/sofa-3-plazas\/#breadcrumb\",\"itemListElement\":[{\"@type\":\"ListItem\",\"position\":1,\"name\":\"Portada\",\"item\":\"https:\/\/mobimark.es\/corporate\/\"},{\"@type\":\"ListItem\",\"position\":2,\"name\":\"Sof\u00e1 3 Plazas\"}]},{\"@type\":\"WebSite\",\"@id\":\"https:\/\/mobimark.es\/corporate\/#website\",\"url\":\"https:\/\/mobimark.es\/corporate\/\",\"name\":\"GRUP MOBIMARK | Mobles a Sant Celoni\",\"description\":\"Botiga de Mobles a Sant Celoni\",\"publisher\":{\"@id\":\"https:\/\/mobimark.es\/corporate\/#organization\"},\"potentialAction\":[{\"@type\":\"SearchAction\",\"target\":{\"@type\":\"EntryPoint\",\"urlTemplate\":\"https:\/\/mobimark.es\/corporate\/?s={search_term_string}\"},\"query-input\":{\"@type\":\"PropertyValueSpecification\",\"valueRequired\":true,\"valueName\":\"search_term_string\"}}],\"inLanguage\":\"es\"},{\"@type\":\"Organization\",\"@id\":\"https:\/\/mobimark.es\/corporate\/#organization\",\"name\":\"MOBIMARK |\u00a0Showroom mobiliari\",\"url\":\"https:\/\/mobimark.es\/corporate\/\",\"logo\":{\"@type\":\"ImageObject\",\"inLanguage\":\"es\",\"@id\":\"https:\/\/mobimark.es\/corporate\/#\/schema\/logo\/image\/\",\"url\":\"https:\/\/mobimark.es\/corporate\/wp-content\/uploads\/2018\/04\/logo_mobimark-web.png\",\"contentUrl\":\"https:\/\/mobimark.es\/corporate\/wp-content\/uploads\/2018\/04\/logo_mobimark-web.png\",\"width\":350,\"height\":85,\"caption\":\"MOBIMARK |\u00a0Showroom mobiliari\"},\"image\":{\"@id\":\"https:\/\/mobimark.es\/corporate\/#\/schema\/logo\/image\/\"},\"sameAs\":[\"https:\/\/www.facebook.com\/GrupMobimark\/\"]}]}<\/script>\n<!-- \/ Yoast SEO plugin. -->","yoast_head_json":{"title":"Sof\u00e1 3 Plazas - GRUP MOBIMARK | Mobles a Sant Celoni","robots":{"index":"index","follow":"follow","max-snippet":"max-snippet:-1","max-image-preview":"max-image-preview:large","max-video-preview":"max-video-preview:-1"},"canonical":"https:\/\/mobimark.es\/corporate\/producto\/sofa-3-plazas\/","og_locale":"es_ES","og_type":"article","og_title":"Sof\u00e1 3 Plazas - GRUP MOBIMARK | Mobles a Sant Celoni","og_description":"Sof\u00e1 de 3 plazas con asientos extensibles de regalo.","og_url":"https:\/\/mobimark.es\/corporate\/producto\/sofa-3-plazas\/","og_site_name":"GRUP MOBIMARK | Mobles a Sant Celoni","article_publisher":"https:\/\/www.facebook.com\/GrupMobimark\/","article_modified_time":"2020-06-23T10:20:28+00:00","og_image":[{"width":628,"height":628,"url":"https:\/\/mobimark.es\/corporate\/wp-content\/uploads\/2018\/08\/174-Sofa-3-Plazas.jpg","type":"image\/jpeg"}],"twitter_card":"summary_large_image","schema":{"@context":"https:\/\/schema.org","@graph":[{"@type":"WebPage","@id":"https:\/\/mobimark.es\/corporate\/producto\/sofa-3-plazas\/","url":"https:\/\/mobimark.es\/corporate\/producto\/sofa-3-plazas\/","name":"Sof\u00e1 3 Plazas - GRUP MOBIMARK | Mobles a Sant Celoni","isPartOf":{"@id":"https:\/\/mobimark.es\/corporate\/#website"},"primaryImageOfPage":{"@id":"https:\/\/mobimark.es\/corporate\/producto\/sofa-3-plazas\/#primaryimage"},"image":{"@id":"https:\/\/mobimark.es\/corporate\/producto\/sofa-3-plazas\/#primaryimage"},"thumbnailUrl":"https:\/\/mobimark.es\/corporate\/wp-content\/uploads\/2018\/08\/174-Sofa-3-Plazas.jpg","datePublished":"2018-08-05T07:52:26+00:00","dateModified":"2020-06-23T10:20:28+00:00","breadcrumb":{"@id":"https:\/\/mobimark.es\/corporate\/producto\/sofa-3-plazas\/#breadcrumb"},"inLanguage":"es","potentialAction":[{"@type":"ReadAction","target":["https:\/\/mobimark.es\/corporate\/producto\/sofa-3-plazas\/"]}]},{"@type":"ImageObject","inLanguage":"es","@id":"https:\/\/mobimark.es\/corporate\/producto\/sofa-3-plazas\/#primaryimage","url":"https:\/\/mobimark.es\/corporate\/wp-content\/uploads\/2018\/08\/174-Sofa-3-Plazas.jpg","contentUrl":"https:\/\/mobimark.es\/corporate\/wp-content\/uploads\/2018\/08\/174-Sofa-3-Plazas.jpg","width":628,"height":628,"caption":"Sof\u00e1 3 Plazas"},{"@type":"BreadcrumbList","@id":"https:\/\/mobimark.es\/corporate\/producto\/sofa-3-plazas\/#breadcrumb","itemListElement":[{"@type":"ListItem","position":1,"name":"Portada","item":"https:\/\/mobimark.es\/corporate\/"},{"@type":"ListItem","position":2,"name":"Sof\u00e1 3 Plazas"}]},{"@type":"WebSite","@id":"https:\/\/mobimark.es\/corporate\/#website","url":"https:\/\/mobimark.es\/corporate\/","name":"GRUP MOBIMARK | Mobles a Sant Celoni","description":"Botiga de Mobles a Sant Celoni","publisher":{"@id":"https:\/\/mobimark.es\/corporate\/#organization"},"potentialAction":[{"@type":"SearchAction","target":{"@type":"EntryPoint","urlTemplate":"https:\/\/mobimark.es\/corporate\/?s={search_term_string}"},"query-input":{"@type":"PropertyValueSpecification","valueRequired":true,"valueName":"search_term_string"}}],"inLanguage":"es"},{"@type":"Organization","@id":"https:\/\/mobimark.es\/corporate\/#organization","name":"MOBIMARK |\u00a0Showroom mobiliari","url":"https:\/\/mobimark.es\/corporate\/","logo":{"@type":"ImageObject","inLanguage":"es","@id":"https:\/\/mobimark.es\/corporate\/#\/schema\/logo\/image\/","url":"https:\/\/mobimark.es\/corporate\/wp-content\/uploads\/2018\/04\/logo_mobimark-web.png","contentUrl":"https:\/\/mobimark.es\/corporate\/wp-content\/uploads\/2018\/04\/logo_mobimark-web.png","width":350,"height":85,"caption":"MOBIMARK |\u00a0Showroom mobiliari"},"image":{"@id":"https:\/\/mobimark.es\/corporate\/#\/schema\/logo\/image\/"},"sameAs":["https:\/\/www.facebook.com\/GrupMobimark\/"]}]}},"_links":{"self":[{"href":"https:\/\/mobimark.es\/corporate\/wp-json\/wp\/v2\/product\/422","targetHints":{"allow":["GET"]}}],"collection":[{"href":"https:\/\/mobimark.es\/corporate\/wp-json\/wp\/v2\/product"}],"about":[{"href":"https:\/\/mobimark.es\/corporate\/wp-json\/wp\/v2\/types\/product"}],"wp:featuredmedia":[{"embeddable":true,"href":"https:\/\/mobimark.es\/corporate\/wp-json\/wp\/v2\/media\/420"}],"wp:attachment":[{"href":"https:\/\/mobimark.es\/corporate\/wp-json\/wp\/v2\/media?parent=422"}],"wp:term":[{"taxonomy":"product_brand","embeddable":true,"href":"https:\/\/mobimark.es\/corporate\/wp-json\/wp\/v2\/product_brand?post=422"},{"taxonomy":"product_cat","embeddable":true,"href":"https:\/\/mobimark.es\/corporate\/wp-json\/wp\/v2\/product_cat?post=422"},{"taxonomy":"product_tag","embeddable":true,"href":"https:\/\/mobimark.es\/corporate\/wp-json\/wp\/v2\/product_tag?post=422"}],"curies":[{"name":"wp","href":"https:\/\/api.w.org\/{rel}","templated":true}]}}