{"id":1116,"date":"2019-11-21T17:54:46","date_gmt":"2019-11-21T16:54:46","guid":{"rendered":"https:\/\/mobimark.es\/corporate\/?post_type=product&#038;p=1116"},"modified":"2019-12-02T10:03:20","modified_gmt":"2019-12-02T09:03:20","slug":"colchon-doble-cara","status":"publish","type":"product","link":"https:\/\/mobimark.es\/corporate\/producto\/colchon-doble-cara\/","title":{"rendered":"Colch\u00f3n Doble Cara"},"content":{"rendered":"<div id=\"dslc-theme-content\"><div id=\"dslc-theme-content-inner\"><p>Colch\u00f3n doble cara Viscoel\u00e1stica + Viscosoft.<\/p>\n<p>Altura 27cm - 30 HR<\/p>\n<p>Cara 1: 2cm viscoel\u00e1stica<br \/>\nCara 2: 1,5cm viscosoft<\/p>\n<p><strong>MEDIDAS:<\/strong><\/p>\n<p>90x190cm: 231\u20ac &gt; <span style=\"color: #ff0000;\"><strong>Oferta: 199\u20ac<\/strong><\/span><br \/>\n105x190cm: -<br \/>\n135x190cm: 326\u20ac &gt; <span style=\"color: #ff0000;\"><strong>Oferta: 269\u20ac<\/strong><\/span><br \/>\n150X190CM: 349\u20ac &gt; <span style=\"color: #ff0000;\"><strong>Oferta: 289\u20ac<\/strong><\/span><\/p>\n<p><strong>OFERTA BLACK DAYS<\/strong><\/p>\n<\/div><\/div>","protected":false},"excerpt":{"rendered":"<p>Colch\u00f3n doble cara Viscoel\u00e1stica + Viscosoft. Altura 27cm - 30 HR<\/p>\n<p><strong>OFERTA BLACK DAYS<\/strong><\/p>\n","protected":false},"featured_media":1117,"template":"","meta":[],"product_brand":[],"product_cat":[39,61,44,38,49],"product_tag":[],"class_list":{"0":"post-1116","1":"product","2":"type-product","3":"status-publish","4":"has-post-thumbnail","6":"product_cat-catalogo-general","7":"product_cat-colchones","8":"product_cat-descanso","9":"product_cat-inicio","10":"product_cat-ofertas-y-rebajas","11":"clearfix","13":"first","14":"instock","15":"sale","16":"taxable","17":"shipping-taxable","18":"purchasable","19":"product-type-simple"},"yoast_head":"<!-- This site is optimized with the Yoast SEO plugin v27.4 - https:\/\/yoast.com\/product\/yoast-seo-wordpress\/ -->\n<title>Colch\u00f3n Doble Cara - GRUP MOBIMARK | Mobles a Sant Celoni<\/title>\n<meta name=\"robots\" content=\"index, follow, max-snippet:-1, max-image-preview:large, max-video-preview:-1\" \/>\n<link rel=\"canonical\" href=\"https:\/\/mobimark.es\/corporate\/producto\/colchon-doble-cara\/\" \/>\n<meta property=\"og:locale\" content=\"es_ES\" \/>\n<meta property=\"og:type\" content=\"article\" \/>\n<meta property=\"og:title\" content=\"Colch\u00f3n Doble Cara - GRUP MOBIMARK | Mobles a Sant Celoni\" \/>\n<meta property=\"og:description\" content=\"Colch\u00f3n doble cara Viscoel\u00e1stica + Viscosoft. Altura 27cm - 30 HR  OFERTA BLACK DAYS\" \/>\n<meta property=\"og:url\" content=\"https:\/\/mobimark.es\/corporate\/producto\/colchon-doble-cara\/\" \/>\n<meta property=\"og:site_name\" content=\"GRUP MOBIMARK | Mobles a Sant Celoni\" \/>\n<meta property=\"article:publisher\" content=\"https:\/\/www.facebook.com\/GrupMobimark\/\" \/>\n<meta property=\"article:modified_time\" content=\"2019-12-02T09:03:20+00:00\" \/>\n<meta property=\"og:image\" content=\"https:\/\/mobimark.es\/corporate\/wp-content\/uploads\/2019\/11\/Colchon-viscoelastica-viscosoft-01.jpg\" \/>\n\t<meta property=\"og:image:width\" content=\"1200\" \/>\n\t<meta property=\"og:image:height\" content=\"871\" \/>\n\t<meta property=\"og:image:type\" content=\"image\/jpeg\" \/>\n<meta name=\"twitter:card\" content=\"summary_large_image\" \/>\n<script type=\"application\/ld+json\" class=\"yoast-schema-graph\">{\"@context\":\"https:\\\/\\\/schema.org\",\"@graph\":[{\"@type\":\"WebPage\",\"@id\":\"https:\\\/\\\/mobimark.es\\\/corporate\\\/producto\\\/colchon-doble-cara\\\/\",\"url\":\"https:\\\/\\\/mobimark.es\\\/corporate\\\/producto\\\/colchon-doble-cara\\\/\",\"name\":\"Colch\u00f3n Doble Cara - GRUP MOBIMARK | Mobles a Sant Celoni\",\"isPartOf\":{\"@id\":\"https:\\\/\\\/mobimark.es\\\/corporate\\\/#website\"},\"primaryImageOfPage\":{\"@id\":\"https:\\\/\\\/mobimark.es\\\/corporate\\\/producto\\\/colchon-doble-cara\\\/#primaryimage\"},\"image\":{\"@id\":\"https:\\\/\\\/mobimark.es\\\/corporate\\\/producto\\\/colchon-doble-cara\\\/#primaryimage\"},\"thumbnailUrl\":\"https:\\\/\\\/mobimark.es\\\/corporate\\\/wp-content\\\/uploads\\\/2019\\\/11\\\/Colchon-viscoelastica-viscosoft-01.jpg\",\"datePublished\":\"2019-11-21T16:54:46+00:00\",\"dateModified\":\"2019-12-02T09:03:20+00:00\",\"breadcrumb\":{\"@id\":\"https:\\\/\\\/mobimark.es\\\/corporate\\\/producto\\\/colchon-doble-cara\\\/#breadcrumb\"},\"inLanguage\":\"es\",\"potentialAction\":[{\"@type\":\"ReadAction\",\"target\":[\"https:\\\/\\\/mobimark.es\\\/corporate\\\/producto\\\/colchon-doble-cara\\\/\"]}]},{\"@type\":\"ImageObject\",\"inLanguage\":\"es\",\"@id\":\"https:\\\/\\\/mobimark.es\\\/corporate\\\/producto\\\/colchon-doble-cara\\\/#primaryimage\",\"url\":\"https:\\\/\\\/mobimark.es\\\/corporate\\\/wp-content\\\/uploads\\\/2019\\\/11\\\/Colchon-viscoelastica-viscosoft-01.jpg\",\"contentUrl\":\"https:\\\/\\\/mobimark.es\\\/corporate\\\/wp-content\\\/uploads\\\/2019\\\/11\\\/Colchon-viscoelastica-viscosoft-01.jpg\",\"width\":1200,\"height\":871},{\"@type\":\"BreadcrumbList\",\"@id\":\"https:\\\/\\\/mobimark.es\\\/corporate\\\/producto\\\/colchon-doble-cara\\\/#breadcrumb\",\"itemListElement\":[{\"@type\":\"ListItem\",\"position\":1,\"name\":\"Portada\",\"item\":\"https:\\\/\\\/mobimark.es\\\/corporate\\\/\"},{\"@type\":\"ListItem\",\"position\":2,\"name\":\"Colch\u00f3n Doble Cara\"}]},{\"@type\":\"WebSite\",\"@id\":\"https:\\\/\\\/mobimark.es\\\/corporate\\\/#website\",\"url\":\"https:\\\/\\\/mobimark.es\\\/corporate\\\/\",\"name\":\"GRUP MOBIMARK | Mobles a Sant Celoni\",\"description\":\"Botiga de Mobles a Sant Celoni\",\"publisher\":{\"@id\":\"https:\\\/\\\/mobimark.es\\\/corporate\\\/#organization\"},\"potentialAction\":[{\"@type\":\"SearchAction\",\"target\":{\"@type\":\"EntryPoint\",\"urlTemplate\":\"https:\\\/\\\/mobimark.es\\\/corporate\\\/?s={search_term_string}\"},\"query-input\":{\"@type\":\"PropertyValueSpecification\",\"valueRequired\":true,\"valueName\":\"search_term_string\"}}],\"inLanguage\":\"es\"},{\"@type\":\"Organization\",\"@id\":\"https:\\\/\\\/mobimark.es\\\/corporate\\\/#organization\",\"name\":\"MOBIMARK |\u00a0Showroom mobiliari\",\"url\":\"https:\\\/\\\/mobimark.es\\\/corporate\\\/\",\"logo\":{\"@type\":\"ImageObject\",\"inLanguage\":\"es\",\"@id\":\"https:\\\/\\\/mobimark.es\\\/corporate\\\/#\\\/schema\\\/logo\\\/image\\\/\",\"url\":\"https:\\\/\\\/mobimark.es\\\/corporate\\\/wp-content\\\/uploads\\\/2018\\\/04\\\/logo_mobimark-web.png\",\"contentUrl\":\"https:\\\/\\\/mobimark.es\\\/corporate\\\/wp-content\\\/uploads\\\/2018\\\/04\\\/logo_mobimark-web.png\",\"width\":350,\"height\":85,\"caption\":\"MOBIMARK |\u00a0Showroom mobiliari\"},\"image\":{\"@id\":\"https:\\\/\\\/mobimark.es\\\/corporate\\\/#\\\/schema\\\/logo\\\/image\\\/\"},\"sameAs\":[\"https:\\\/\\\/www.facebook.com\\\/GrupMobimark\\\/\"]}]}<\/script>\n<!-- \/ Yoast SEO plugin. -->","yoast_head_json":{"title":"Colch\u00f3n Doble Cara - GRUP MOBIMARK | Mobles a Sant Celoni","robots":{"index":"index","follow":"follow","max-snippet":"max-snippet:-1","max-image-preview":"max-image-preview:large","max-video-preview":"max-video-preview:-1"},"canonical":"https:\/\/mobimark.es\/corporate\/producto\/colchon-doble-cara\/","og_locale":"es_ES","og_type":"article","og_title":"Colch\u00f3n Doble Cara - GRUP MOBIMARK | Mobles a Sant Celoni","og_description":"Colch\u00f3n doble cara Viscoel\u00e1stica + Viscosoft. Altura 27cm - 30 HR  OFERTA BLACK DAYS","og_url":"https:\/\/mobimark.es\/corporate\/producto\/colchon-doble-cara\/","og_site_name":"GRUP MOBIMARK | Mobles a Sant Celoni","article_publisher":"https:\/\/www.facebook.com\/GrupMobimark\/","article_modified_time":"2019-12-02T09:03:20+00:00","og_image":[{"width":1200,"height":871,"url":"https:\/\/mobimark.es\/corporate\/wp-content\/uploads\/2019\/11\/Colchon-viscoelastica-viscosoft-01.jpg","type":"image\/jpeg"}],"twitter_card":"summary_large_image","schema":{"@context":"https:\/\/schema.org","@graph":[{"@type":"WebPage","@id":"https:\/\/mobimark.es\/corporate\/producto\/colchon-doble-cara\/","url":"https:\/\/mobimark.es\/corporate\/producto\/colchon-doble-cara\/","name":"Colch\u00f3n Doble Cara - GRUP MOBIMARK | Mobles a Sant Celoni","isPartOf":{"@id":"https:\/\/mobimark.es\/corporate\/#website"},"primaryImageOfPage":{"@id":"https:\/\/mobimark.es\/corporate\/producto\/colchon-doble-cara\/#primaryimage"},"image":{"@id":"https:\/\/mobimark.es\/corporate\/producto\/colchon-doble-cara\/#primaryimage"},"thumbnailUrl":"https:\/\/mobimark.es\/corporate\/wp-content\/uploads\/2019\/11\/Colchon-viscoelastica-viscosoft-01.jpg","datePublished":"2019-11-21T16:54:46+00:00","dateModified":"2019-12-02T09:03:20+00:00","breadcrumb":{"@id":"https:\/\/mobimark.es\/corporate\/producto\/colchon-doble-cara\/#breadcrumb"},"inLanguage":"es","potentialAction":[{"@type":"ReadAction","target":["https:\/\/mobimark.es\/corporate\/producto\/colchon-doble-cara\/"]}]},{"@type":"ImageObject","inLanguage":"es","@id":"https:\/\/mobimark.es\/corporate\/producto\/colchon-doble-cara\/#primaryimage","url":"https:\/\/mobimark.es\/corporate\/wp-content\/uploads\/2019\/11\/Colchon-viscoelastica-viscosoft-01.jpg","contentUrl":"https:\/\/mobimark.es\/corporate\/wp-content\/uploads\/2019\/11\/Colchon-viscoelastica-viscosoft-01.jpg","width":1200,"height":871},{"@type":"BreadcrumbList","@id":"https:\/\/mobimark.es\/corporate\/producto\/colchon-doble-cara\/#breadcrumb","itemListElement":[{"@type":"ListItem","position":1,"name":"Portada","item":"https:\/\/mobimark.es\/corporate\/"},{"@type":"ListItem","position":2,"name":"Colch\u00f3n Doble Cara"}]},{"@type":"WebSite","@id":"https:\/\/mobimark.es\/corporate\/#website","url":"https:\/\/mobimark.es\/corporate\/","name":"GRUP MOBIMARK | Mobles a Sant Celoni","description":"Botiga de Mobles a Sant Celoni","publisher":{"@id":"https:\/\/mobimark.es\/corporate\/#organization"},"potentialAction":[{"@type":"SearchAction","target":{"@type":"EntryPoint","urlTemplate":"https:\/\/mobimark.es\/corporate\/?s={search_term_string}"},"query-input":{"@type":"PropertyValueSpecification","valueRequired":true,"valueName":"search_term_string"}}],"inLanguage":"es"},{"@type":"Organization","@id":"https:\/\/mobimark.es\/corporate\/#organization","name":"MOBIMARK |\u00a0Showroom mobiliari","url":"https:\/\/mobimark.es\/corporate\/","logo":{"@type":"ImageObject","inLanguage":"es","@id":"https:\/\/mobimark.es\/corporate\/#\/schema\/logo\/image\/","url":"https:\/\/mobimark.es\/corporate\/wp-content\/uploads\/2018\/04\/logo_mobimark-web.png","contentUrl":"https:\/\/mobimark.es\/corporate\/wp-content\/uploads\/2018\/04\/logo_mobimark-web.png","width":350,"height":85,"caption":"MOBIMARK |\u00a0Showroom mobiliari"},"image":{"@id":"https:\/\/mobimark.es\/corporate\/#\/schema\/logo\/image\/"},"sameAs":["https:\/\/www.facebook.com\/GrupMobimark\/"]}]}},"_links":{"self":[{"href":"https:\/\/mobimark.es\/corporate\/wp-json\/wp\/v2\/product\/1116","targetHints":{"allow":["GET"]}}],"collection":[{"href":"https:\/\/mobimark.es\/corporate\/wp-json\/wp\/v2\/product"}],"about":[{"href":"https:\/\/mobimark.es\/corporate\/wp-json\/wp\/v2\/types\/product"}],"wp:featuredmedia":[{"embeddable":true,"href":"https:\/\/mobimark.es\/corporate\/wp-json\/wp\/v2\/media\/1117"}],"wp:attachment":[{"href":"https:\/\/mobimark.es\/corporate\/wp-json\/wp\/v2\/media?parent=1116"}],"wp:term":[{"taxonomy":"product_brand","embeddable":true,"href":"https:\/\/mobimark.es\/corporate\/wp-json\/wp\/v2\/product_brand?post=1116"},{"taxonomy":"product_cat","embeddable":true,"href":"https:\/\/mobimark.es\/corporate\/wp-json\/wp\/v2\/product_cat?post=1116"},{"taxonomy":"product_tag","embeddable":true,"href":"https:\/\/mobimark.es\/corporate\/wp-json\/wp\/v2\/product_tag?post=1116"}],"curies":[{"name":"wp","href":"https:\/\/api.w.org\/{rel}","templated":true}]}}