{"id":719,"date":"2018-11-26T20:56:41","date_gmt":"2018-11-26T18:56:41","guid":{"rendered":"https:\/\/mobimark.es\/corporate\/?page_id=719"},"modified":"2021-10-22T12:40:00","modified_gmt":"2021-10-22T10:40:00","slug":"faq","status":"publish","type":"page","link":"https:\/\/mobimark.es\/corporate\/faq\/","title":{"rendered":"FAQ - PREGUNTAS FRECUENTES"},"content":{"rendered":"<div id=\"dslc-theme-content\"><div id=\"dslc-theme-content-inner\"><h3 class=\"p1\"><span class=\"s1\" style=\"color: #bc0433;\">\u00bfQU\u00c9 SON LAS OFERTAS MERKAGANGA?<\/span><\/h3>\n<p><span class=\"s1\">Las Ofertas Merkaganga son productos excedentes, provenientes de almacenes y exposiciones, que o bien por no continuar con su actividad o por ser productos descatalogados, no es posible su normal comercializaci\u00f3n.<\/span><\/p>\n<h3 class=\"p1\"><span class=\"s1\" style=\"color: #bc0433;\">\u00bfPOR QU\u00c9 ES M\u00c1S ECON\u00d3MICO COMPRAR OFERTAS MERKAGANGA QUE OTRAS OFERTAS CONVENCIONALES O EN UN OUTLET?<\/span><\/h3>\n<p class=\"p2\"><span class=\"s1\">Es mejor que cualquier oferta convencional de cualquier establecimiento u outlet, por que adquieres los productos directamente, por ese motivo hay que reservar y luego se te indica donde recoger tu reserva que ser\u00e1 normalmente en la provincia de Barcelona. De esta forma, evitamos los gastos derivados de la distribuci\u00f3n, atenci\u00f3n personal (vendedor o comisionista), los gastos bancarios de pagos con tarjeta. No se trata de una tienda en l\u00ednea convencional, pues aqu\u00ed la mayor\u00eda de los productos son piezas \u00fanicas e irrepetibles, ya que los art\u00edculos provienen de almacenes, tiendas y f\u00e1bricas distintas. En las Ofertas Merkaganga encontrar\u00e1s \u201cgangas\u201d de verdad. Al recoger t\u00fa el producto en el almac\u00e9n de origen te ahorras el coste de manipulaci\u00f3n, el de almacenamiento y el de mediador. Todos ello supone un ahorro de entre el 50 y el 60% garantizado.<\/span><\/p>\n<h3 class=\"p1\"><span class=\"s1\" style=\"color: #bc0433;\">UNA VEZ RESERVADO, \u00bfQU\u00c9 DEBO HACER?<\/span><\/h3>\n<p class=\"p2\"><span class=\"s1\">Una vez hayas reservado el art\u00edculo que te gustar\u00eda comprar, te enviaremos un correo electr\u00f3nico a la direcci\u00f3n que hayas facilitado previamente al hacer la reserva o nos pondremos en contacto telef\u00f3nicamente. De esta forma se te concretar\u00e1 lugar y horario de recogida, pues en cada caso puede resultar distinto. Si vienes a recoger el producto montado, es indispensable traer las herramientas necesarias para realizar el desmontaje, y traer elementos protectores para su transporte as\u00ed como un veh\u00edculo adecuado a tal efecto. Si no dispones de medios, o prefieres que te realicen el transporte y montaje, te facilitaremos el contacto con nuestros colaboradores que te lo efectuar\u00e1n de forma muy profesional y a un buen precio.<\/span><\/p>\n<h3 class=\"p1\"><span class=\"s1\" style=\"color: #bc0433;\">\u00bfCU\u00c1NTAS RESERVAS PUEDO REALIZAR?<\/span><\/h3>\n<p class=\"p2\"><span class=\"s1\">Todas las que quieras pero por productos. Es decir; si deseas reservar sillas y mesas, deber\u00e1s realizar una reserva para las sillas y luego otra nueva reserva para las mesas. La raz\u00f3n es que los art\u00edculos se encuentran en sus almacenes de origen con horarios distintos. Por ello, una vez hayas reservado las sillas por un lado y las mesas por el otro, nos pondremos en contacto contigo y te propondremos el d\u00eda, el horario y lugar donde puedes ir a recoger las sillas y lo mismo para las mesas.<\/span><\/p>\n<h3 class=\"p1\"><span class=\"s1\" style=\"color: #bc0433;\">\u00bfQU\u00c9 OCURRE SI ME INTERESA UN ART\u00cdCULO QUE YA EST\u00c1 RESERVADO?<\/span><\/h3>\n<p class=\"p2\"><span class=\"s1\">Se puede dar la circunstancia, que por su naturaleza, existan art\u00edculos con varias reservas, en cuyo caso se respetar\u00e1 escrupulosamente el orden de la reserva por fecha y hora. Se reservar\u00e1 el art\u00edculo hasta su d\u00eda de recogida y caso de no efectuar la compra, se proceder\u00e1 al siguiente posible comprador que haya realizado la reserva.<\/span><\/p>\n<h3 class=\"p1\"><span class=\"s1\" style=\"color: #bc0433;\">\u00bfC\u00d3MO LO PUEDO PAGAR?<\/span><\/h3>\n<p class=\"p2\"><span class=\"s1\">El pago se efectuar\u00e1 a la recogida del mueble en efectivo, pues como en la mayor\u00eda de las ocasiones se recoger\u00e1 en almacenes cerrados al p\u00fablico. No existen sistemas de pago por tarjeta, as\u00ed mismo es importante llevar el importe exacto por el mismo motivo. Esto tambi\u00e9n supone un ahorro, pues no hay comisiones bancarias.<\/span><\/p>\n<h3 class=\"p1\"><span class=\"s1\" style=\"color: #bc0433;\">\u00bfESTOY OBLIGADO A COMPRAR EL PRODUCTO QUE HE RESERVADO?<\/span><\/h3>\n<p class=\"p2\"><span class=\"s1\">No. En el momento que llegues al almac\u00e9n para ver el producto que has reservado, si no te acaba de convencer, no es necesario que lo compres.<\/span><\/p>\n<h3 class=\"p1\"><span class=\"s1\" style=\"color: #bc0433;\">\u00bfQU\u00c9 GARANT\u00cdA TIENEN LOS PRODUCTOS QUE AQU\u00cd SE EXPONEN?<\/span><\/h3>\n<p class=\"p1\">Los productos disponen de toda la garant\u00eda contemplada en la legislaci\u00f3n vigente, pero con las limitaciones que supone que, en la mayor\u00eda de los casos, se trate de art\u00edculos \u00fanicos.<\/p>\n<\/div><\/div>","protected":false},"excerpt":{"rendered":"<p>\u00bfQU\u00c9 SON LAS OFERTAS MERKAGANGA? Las Ofertas Merkaganga son productos excedentes, provenientes de almacenes y exposiciones, que o bien por no continuar con su actividad o por ser productos descatalogados,&nbsp;[&hellip;]<\/p>\n","protected":false},"author":2,"featured_media":0,"parent":0,"menu_order":0,"comment_status":"closed","ping_status":"closed","template":"","meta":{"footnotes":""},"class_list":["post-719","page","type-page","status-publish","hentry","clearfix"],"yoast_head":"<!-- This site is optimized with the Yoast SEO plugin v27.4 - https:\/\/yoast.com\/product\/yoast-seo-wordpress\/ -->\n<title>FAQ - PREGUNTAS FRECUENTES - GRUP MOBIMARK | Mobles a Sant Celoni<\/title>\n<meta name=\"description\" content=\"FAQ - Preguntas frecuentes sobre las Ofertas Merkaganga disponibles en nuestra tienda Grup Mobimark en Sant Celoni\" \/>\n<meta name=\"robots\" content=\"index, follow, max-snippet:-1, max-image-preview:large, max-video-preview:-1\" \/>\n<link rel=\"canonical\" href=\"https:\/\/mobimark.es\/corporate\/faq\/\" \/>\n<meta property=\"og:locale\" content=\"es_ES\" \/>\n<meta property=\"og:type\" content=\"article\" \/>\n<meta property=\"og:title\" content=\"FAQ - PREGUNTAS FRECUENTES - GRUP MOBIMARK | Mobles a Sant Celoni\" \/>\n<meta property=\"og:description\" content=\"FAQ - Preguntas frecuentes sobre las Ofertas Merkaganga disponibles en nuestra tienda Grup Mobimark en Sant Celoni\" \/>\n<meta property=\"og:url\" content=\"https:\/\/mobimark.es\/corporate\/faq\/\" \/>\n<meta property=\"og:site_name\" content=\"GRUP MOBIMARK | Mobles a Sant Celoni\" \/>\n<meta property=\"article:publisher\" content=\"https:\/\/www.facebook.com\/GrupMobimark\/\" \/>\n<meta property=\"article:modified_time\" content=\"2021-10-22T10:40:00+00:00\" \/>\n<meta name=\"twitter:card\" content=\"summary_large_image\" \/>\n<meta name=\"twitter:label1\" content=\"Tiempo de lectura\" \/>\n\t<meta name=\"twitter:data1\" content=\"3 minutos\" \/>\n<script type=\"application\/ld+json\" class=\"yoast-schema-graph\">{\"@context\":\"https:\\\/\\\/schema.org\",\"@graph\":[{\"@type\":\"WebPage\",\"@id\":\"https:\\\/\\\/mobimark.es\\\/corporate\\\/faq\\\/\",\"url\":\"https:\\\/\\\/mobimark.es\\\/corporate\\\/faq\\\/\",\"name\":\"FAQ - PREGUNTAS FRECUENTES - GRUP MOBIMARK | Mobles a Sant Celoni\",\"isPartOf\":{\"@id\":\"https:\\\/\\\/mobimark.es\\\/corporate\\\/#website\"},\"datePublished\":\"2018-11-26T18:56:41+00:00\",\"dateModified\":\"2021-10-22T10:40:00+00:00\",\"description\":\"FAQ - Preguntas frecuentes sobre las Ofertas Merkaganga disponibles en nuestra tienda Grup Mobimark en Sant Celoni\",\"breadcrumb\":{\"@id\":\"https:\\\/\\\/mobimark.es\\\/corporate\\\/faq\\\/#breadcrumb\"},\"inLanguage\":\"es\",\"potentialAction\":[{\"@type\":\"ReadAction\",\"target\":[\"https:\\\/\\\/mobimark.es\\\/corporate\\\/faq\\\/\"]}]},{\"@type\":\"BreadcrumbList\",\"@id\":\"https:\\\/\\\/mobimark.es\\\/corporate\\\/faq\\\/#breadcrumb\",\"itemListElement\":[{\"@type\":\"ListItem\",\"position\":1,\"name\":\"Portada\",\"item\":\"https:\\\/\\\/mobimark.es\\\/corporate\\\/\"},{\"@type\":\"ListItem\",\"position\":2,\"name\":\"FAQ &#8211; PREGUNTAS FRECUENTES\"}]},{\"@type\":\"WebSite\",\"@id\":\"https:\\\/\\\/mobimark.es\\\/corporate\\\/#website\",\"url\":\"https:\\\/\\\/mobimark.es\\\/corporate\\\/\",\"name\":\"GRUP MOBIMARK | Mobles a Sant Celoni\",\"description\":\"Botiga de Mobles a Sant Celoni\",\"publisher\":{\"@id\":\"https:\\\/\\\/mobimark.es\\\/corporate\\\/#organization\"},\"potentialAction\":[{\"@type\":\"SearchAction\",\"target\":{\"@type\":\"EntryPoint\",\"urlTemplate\":\"https:\\\/\\\/mobimark.es\\\/corporate\\\/?s={search_term_string}\"},\"query-input\":{\"@type\":\"PropertyValueSpecification\",\"valueRequired\":true,\"valueName\":\"search_term_string\"}}],\"inLanguage\":\"es\"},{\"@type\":\"Organization\",\"@id\":\"https:\\\/\\\/mobimark.es\\\/corporate\\\/#organization\",\"name\":\"MOBIMARK |\u00a0Showroom mobiliari\",\"url\":\"https:\\\/\\\/mobimark.es\\\/corporate\\\/\",\"logo\":{\"@type\":\"ImageObject\",\"inLanguage\":\"es\",\"@id\":\"https:\\\/\\\/mobimark.es\\\/corporate\\\/#\\\/schema\\\/logo\\\/image\\\/\",\"url\":\"https:\\\/\\\/mobimark.es\\\/corporate\\\/wp-content\\\/uploads\\\/2018\\\/04\\\/logo_mobimark-web.png\",\"contentUrl\":\"https:\\\/\\\/mobimark.es\\\/corporate\\\/wp-content\\\/uploads\\\/2018\\\/04\\\/logo_mobimark-web.png\",\"width\":350,\"height\":85,\"caption\":\"MOBIMARK |\u00a0Showroom mobiliari\"},\"image\":{\"@id\":\"https:\\\/\\\/mobimark.es\\\/corporate\\\/#\\\/schema\\\/logo\\\/image\\\/\"},\"sameAs\":[\"https:\\\/\\\/www.facebook.com\\\/GrupMobimark\\\/\"]}]}<\/script>\n<!-- \/ Yoast SEO plugin. -->","yoast_head_json":{"title":"FAQ - PREGUNTAS FRECUENTES - GRUP MOBIMARK | Mobles a Sant Celoni","description":"FAQ - Preguntas frecuentes sobre las Ofertas Merkaganga disponibles en nuestra tienda Grup Mobimark en Sant Celoni","robots":{"index":"index","follow":"follow","max-snippet":"max-snippet:-1","max-image-preview":"max-image-preview:large","max-video-preview":"max-video-preview:-1"},"canonical":"https:\/\/mobimark.es\/corporate\/faq\/","og_locale":"es_ES","og_type":"article","og_title":"FAQ - PREGUNTAS FRECUENTES - GRUP MOBIMARK | Mobles a Sant Celoni","og_description":"FAQ - Preguntas frecuentes sobre las Ofertas Merkaganga disponibles en nuestra tienda Grup Mobimark en Sant Celoni","og_url":"https:\/\/mobimark.es\/corporate\/faq\/","og_site_name":"GRUP MOBIMARK | Mobles a Sant Celoni","article_publisher":"https:\/\/www.facebook.com\/GrupMobimark\/","article_modified_time":"2021-10-22T10:40:00+00:00","twitter_card":"summary_large_image","twitter_misc":{"Tiempo de lectura":"3 minutos"},"schema":{"@context":"https:\/\/schema.org","@graph":[{"@type":"WebPage","@id":"https:\/\/mobimark.es\/corporate\/faq\/","url":"https:\/\/mobimark.es\/corporate\/faq\/","name":"FAQ - PREGUNTAS FRECUENTES - GRUP MOBIMARK | Mobles a Sant Celoni","isPartOf":{"@id":"https:\/\/mobimark.es\/corporate\/#website"},"datePublished":"2018-11-26T18:56:41+00:00","dateModified":"2021-10-22T10:40:00+00:00","description":"FAQ - Preguntas frecuentes sobre las Ofertas Merkaganga disponibles en nuestra tienda Grup Mobimark en Sant Celoni","breadcrumb":{"@id":"https:\/\/mobimark.es\/corporate\/faq\/#breadcrumb"},"inLanguage":"es","potentialAction":[{"@type":"ReadAction","target":["https:\/\/mobimark.es\/corporate\/faq\/"]}]},{"@type":"BreadcrumbList","@id":"https:\/\/mobimark.es\/corporate\/faq\/#breadcrumb","itemListElement":[{"@type":"ListItem","position":1,"name":"Portada","item":"https:\/\/mobimark.es\/corporate\/"},{"@type":"ListItem","position":2,"name":"FAQ &#8211; PREGUNTAS FRECUENTES"}]},{"@type":"WebSite","@id":"https:\/\/mobimark.es\/corporate\/#website","url":"https:\/\/mobimark.es\/corporate\/","name":"GRUP MOBIMARK | Mobles a Sant Celoni","description":"Botiga de Mobles a Sant Celoni","publisher":{"@id":"https:\/\/mobimark.es\/corporate\/#organization"},"potentialAction":[{"@type":"SearchAction","target":{"@type":"EntryPoint","urlTemplate":"https:\/\/mobimark.es\/corporate\/?s={search_term_string}"},"query-input":{"@type":"PropertyValueSpecification","valueRequired":true,"valueName":"search_term_string"}}],"inLanguage":"es"},{"@type":"Organization","@id":"https:\/\/mobimark.es\/corporate\/#organization","name":"MOBIMARK |\u00a0Showroom mobiliari","url":"https:\/\/mobimark.es\/corporate\/","logo":{"@type":"ImageObject","inLanguage":"es","@id":"https:\/\/mobimark.es\/corporate\/#\/schema\/logo\/image\/","url":"https:\/\/mobimark.es\/corporate\/wp-content\/uploads\/2018\/04\/logo_mobimark-web.png","contentUrl":"https:\/\/mobimark.es\/corporate\/wp-content\/uploads\/2018\/04\/logo_mobimark-web.png","width":350,"height":85,"caption":"MOBIMARK |\u00a0Showroom mobiliari"},"image":{"@id":"https:\/\/mobimark.es\/corporate\/#\/schema\/logo\/image\/"},"sameAs":["https:\/\/www.facebook.com\/GrupMobimark\/"]}]}},"_links":{"self":[{"href":"https:\/\/mobimark.es\/corporate\/wp-json\/wp\/v2\/pages\/719","targetHints":{"allow":["GET"]}}],"collection":[{"href":"https:\/\/mobimark.es\/corporate\/wp-json\/wp\/v2\/pages"}],"about":[{"href":"https:\/\/mobimark.es\/corporate\/wp-json\/wp\/v2\/types\/page"}],"author":[{"embeddable":true,"href":"https:\/\/mobimark.es\/corporate\/wp-json\/wp\/v2\/users\/2"}],"replies":[{"embeddable":true,"href":"https:\/\/mobimark.es\/corporate\/wp-json\/wp\/v2\/comments?post=719"}],"version-history":[{"count":7,"href":"https:\/\/mobimark.es\/corporate\/wp-json\/wp\/v2\/pages\/719\/revisions"}],"predecessor-version":[{"id":789,"href":"https:\/\/mobimark.es\/corporate\/wp-json\/wp\/v2\/pages\/719\/revisions\/789"}],"wp:attachment":[{"href":"https:\/\/mobimark.es\/corporate\/wp-json\/wp\/v2\/media?parent=719"}],"curies":[{"name":"wp","href":"https:\/\/api.w.org\/{rel}","templated":true}]}}