{"id":39,"date":"2017-12-20T18:41:31","date_gmt":"2017-12-20T18:41:31","guid":{"rendered":"https:\/\/mobimark.es\/corporate\/?page_id=39"},"modified":"2018-08-24T18:34:39","modified_gmt":"2018-08-24T16:34:39","slug":"politica-de-privacidad","status":"publish","type":"page","link":"https:\/\/mobimark.es\/corporate\/politica-de-privacidad\/","title":{"rendered":"Pol\u00edtica de privacidad"},"content":{"rendered":"<div id=\"dslc-content\" class=\"dslc-content dslc-clearfix\"><div id=\"dslc-main\">\n\t\t<div  class=\"dslc-modules-section \" style=\"padding-bottom:40px;padding-top:40px;background-color:#cccccc;\" data-section-id=\"16417df200a\">\n\t\t\t\t\n\t\t\t\t\n\t\t\t\t<div class=\"dslc-modules-section-wrapper dslc-clearfix\"><div class=\"dslc-modules-area dslc-col dslc-12-col dslc-last-col\" data-size=\"12\" data-valign=\"\">\n\t\t<div id=\"dslc-module-8f25a706a41\" class=\"dslc-module-front dslc-module-DSLC_Icon dslc-in-viewport-check dslc-in-viewport-anim-none  dslc-col dslc-12-col dslc-last-col  dslc-module-handle-like-regular \" data-module-id=\"8f25a706a41\" data-module=\"DSLC_Icon\" data-dslc-module-size=\"12\" data-dslc-anim=\"none\" data-dslc-anim-delay=\"\" data-dslc-anim-duration=\"650\"  data-dslc-anim-easing=\"ease\" data-dslc-preset=\"none\" >\n\n\t\t\t\n\t\t\t\n\t\t\t\t\t\n\t\t\t<div class=\"dslc-micon-module\">\n\t\t\t\t\t\t\t\t\t<span class=\"dslc-icon dslc-icon-paste\"><\/span>\t\n\t\t\t\t\t\t\t<\/div><!-- .dslc-micon-module -->\n\n\t\t\n\t\t\t\t<\/div><!-- .dslc-module -->\n\t\t<\/div><div class=\"dslc-modules-area dslc-col dslc-12-col dslc-last-col\" data-size=\"12\" data-valign=\"\">\n\t\t<div id=\"dslc-module-a2dca1fa9fc\" class=\"dslc-module-front dslc-module-DSLC_Text_Simple dslc-in-viewport-check dslc-in-viewport-anim-none  dslc-col dslc-12-col dslc-last-col  dslc-module-handle-like-regular \" data-module-id=\"a2dca1fa9fc\" data-module=\"DSLC_Text_Simple\" data-dslc-module-size=\"12\" data-dslc-anim=\"none\" data-dslc-anim-delay=\"\" data-dslc-anim-duration=\"650\"  data-dslc-anim-easing=\"ease\" data-dslc-preset=\"none\" >\n\n\t\t\t\n\t\t\t\n\t\t\n\t\t<div class=\"dslc-text-module-content\">\n\t\t\t<h1 class=\"art-postheader\"><span class=\"art-postheadericon\">Politicas de privacidad<\/span><\/h1>\t\t<\/div>\n\n\t\t\n\t\t\t\t<\/div><!-- .dslc-module -->\n\t\t<\/div><\/div><\/div>\n\t\t<div  class=\"dslc-modules-section \" style=\"\" data-section-id=\"16417df200a\">\n\t\t\t\t\n\t\t\t\t\n\t\t\t\t<div class=\"dslc-modules-section-wrapper dslc-clearfix\"><div class=\"dslc-modules-area dslc-col dslc-12-col dslc-last-col\" data-size=\"12\" data-valign=\"\">\n\t\t<div id=\"dslc-module-1c1e390f9c8\" class=\"dslc-module-front dslc-module-DSLC_Text_Simple dslc-in-viewport-check dslc-in-viewport-anim-none  dslc-col dslc-12-col dslc-last-col  dslc-module-handle-like-regular \" data-module-id=\"1c1e390f9c8\" data-module=\"DSLC_Text_Simple\" data-dslc-module-size=\"12\" data-dslc-anim=\"none\" data-dslc-anim-delay=\"\" data-dslc-anim-duration=\"650\"  data-dslc-anim-easing=\"ease\" data-dslc-preset=\"none\" >\n\n\t\t\t\n\t\t\t\n\t\t\n\t\t<div class=\"dslc-text-module-content\">\n\t\t\t<p>En cumplimiento de la Ley 34\/2002, de 11 de julio, de Servicios de la Sociedad de la Informaci\u00f3n y de Comercio Electr\u00f3nico (LSSI-CE) <strong>Supermoble, S.L.<\/strong> con domicilio en\u00a0Ctra, C-35, Km.55\u00b47, nave n.4 -Sant Celoni \u2013 Barcelona y con email: info@supermoble.com, informa de los siguientes datos:<\/p><p><strong>USUARIO Y R\u00c9GIMEN DE RESPONSABILIDADES<\/strong><\/p><p>La navegaci\u00f3n, acceso y uso por el sitio web <strong>www.mobimark.es<\/strong> confiere la condici\u00f3n de usuario, por la que se aceptan, desde la navegaci\u00f3n por el sitio web\u00a0<strong>www.mobimark.es<\/strong> todas las condiciones de uso aqu\u00ed establecidas sin perjuicio de la aplicaci\u00f3n de la correspondiente normativa de obligado cumplimiento legal seg\u00fan el caso.<\/p><p>El sitio web\u00a0<strong>www.mobimark.es<\/strong> proporciona gran diversidad de informaci\u00f3n, servicios y datos. El usuario asume su responsabilidad en el uso correcto del sitio web. Esta responsabilidad se extender\u00e1 a:<\/p><ul><li>La veracidad y licitud de las informaciones aportadas por el usuario en los formularios extendidos por\u00a0<strong>Supermoble, S.L.\u00a0<\/strong>\u00a0para el acceso a ciertos contenidos o servicios ofrecidos por el web.<\/li><li>El uso de la informaci\u00f3n, servicios y datos ofrecidos por\u00a0<strong>Supermoble, S.L.<\/strong>\u00a0contrariamente a lo dispuesto por las presentes condiciones, la Ley, la moral, las buenas costumbres o el orden p\u00fablico, o que de cualquier otro modo puedan suponer lesi\u00f3n de los derechos de terceros o del mismo funcionamiento del sitio web.<\/li><\/ul><p><strong>POL\u00cdTICA DE ENLACES Y EXENCIONES DE RESPONSABILIDAD<\/strong><\/p><p><strong>Supermoble, S.L.<\/strong> no se hace responsable del contenido de los sitios web a los que el usuario pueda acceder a trav\u00e9s de los enlaces establecidos en su sitio web y declara que en ning\u00fan caso proceder\u00e1 a examinar o ejercitar ning\u00fan tipo de control sobre el contenido de otros sitios de la red. Asimismo, tampoco garantizar\u00e1 la disponibilidad t\u00e9cnica, exactitud, veracidad, validez o legalidad de sitios ajenos a su propiedad a los que se pueda acceder por medio de los enlaces.<\/p><p><strong>Supermoble, S.L.<\/strong> declara haber adoptado todas las medidas necesarias para evitar cualesquiera da\u00f1os a los usuarios de su sitio web, que pudieran derivarse de la navegaci\u00f3n por su sitio web. En consecuencia,\u00a0<strong>Supermoble, S.L.<\/strong>\u00a0no se hace responsable, en ning\u00fan caso, de los eventuales da\u00f1os que por la navegaci\u00f3n por Internet pudiera sufrir el usuario.<\/p><p><strong>MODIFICACIONES<\/strong><\/p><p><strong>Supermoble, S.L.<\/strong> se reserva el derecho a realizar las modificaciones que considere oportunas, sin aviso previo, en el contenido de su sitio web. Tanto en lo referente a los contenidos del sitio web, como en las condiciones de uso del mismo, o en las condiciones generales de contrataci\u00f3n. Dichas modificaciones podr\u00e1n realizarse a trav\u00e9s de su sitio web por cualquier forma admisible en derecho y ser\u00e1n de obligado cumplimiento durante el tiempo en que se encuentren publicadas en el web y hasta que no sean modificadas v\u00e1lidamente por otras posteriores.<\/p><p><strong>COOKIES<\/strong><\/p><p>Una Cookie es un fichero que se descarga en su ordenador al acceder a determinadas p\u00e1ginas web. Las cookies permiten a una p\u00e1gina web, entre otras cosas, almacenar y recuperar informaci\u00f3n sobre los h\u00e1bitos de navegaci\u00f3n de un usuario o de su equipo y, dependiendo de la informaci\u00f3n que contenga y de la forma en que utilice su equipo, pueden utilizarse para reconocer al usuario.<\/p><p>Las cookies son esenciales para el funcionamiento de internet, aportando innumerables ventajas en la prestaci\u00f3n de servicios interactivos, facilit\u00e1ndole la navegaci\u00f3n y usabilidad de nuestra web<\/p><p>La informaci\u00f3n que le proporcionamos a continuaci\u00f3n, le ayudar\u00e1 a comprender los diferentes tipos de cookies:<\/p><table border=\"1\" width=\"100%\" cellspacing=\"0\" cellpadding=\"0\"><tbody><tr><td colspan=\"3\" valign=\"top\" width=\"100%\"><strong>TIPOS DE COOKIES<\/strong><\/td><\/tr><tr><td rowspan=\"2\" width=\"30%\">SEG\u00daN LA ENTIDAD QUE LAS GESTIONE<\/td><td width=\"129\">Cookies propias<\/td><td valign=\"top\" width=\"40%\">Son aquellas que se recaban por el propio editor para prestar el servicio solicitado por el usuario.<\/td><\/tr><tr><td width=\"129\">Cookies de tercero<\/td><td valign=\"top\" width=\"40%\">Son aquellas que son recabadas y gestionadas por un tercero, estas no se pueden considerar propias.<\/td><\/tr><tr><td rowspan=\"2\" width=\"30%\">SEG\u00daN EL PLAZO DE TIEMPO QUE PERMANEZCAN ACTIVADAS<\/td><td width=\"129\">Cookies de sesi\u00f3n<\/td><td valign=\"top\" width=\"40%\">Recaban datos mientras el usuario navega por la red con la finalidad de prestar el servicio solicitado.<\/td><\/tr><tr><td width=\"129\">Cookies persistentes<\/td><td valign=\"top\" width=\"40%\">Se almacenan en el terminal y la informaci\u00f3n obtenida, ser\u00e1 utilizada por el responsable de la cookie con la finalidad de prestar el servicio solicitado.<\/td><\/tr><tr><td rowspan=\"5\" width=\"139\">SEG\u00daN SU FINALIDAD<\/td><td width=\"129\">Cookies t\u00e9cnicas<\/td><td valign=\"top\" width=\"40%\">Son las necesarias para la correcta navegaci\u00f3n por la web.<\/td><\/tr><tr><td width=\"129\">Cookies de personalizaci\u00f3n<\/td><td valign=\"top\" width=\"40%\">Permiten al usuario las caracter\u00edsticas (idioma) para la navegaci\u00f3n por la website<\/td><\/tr><tr><td width=\"129\">Cookies de an\u00e1lisis<\/td><td valign=\"top\" width=\"40%\">Permiten al prestador el an\u00e1lisis vinculado a la navegaci\u00f3n realizada por el usuario, con la finalidad de llevar un seguimiento de uso de la p\u00e1gina web as\u00ed como realizar estad\u00edsticas de los contenidos m\u00e1s visitados, n\u00famero de visitantes, etc.<\/td><\/tr><tr><td width=\"129\">Cookies publicitarias<\/td><td valign=\"top\" width=\"40%\">Permiten al editor incluir en la web espacios publicitarios, seg\u00fan el contenido de la propia web.<\/td><\/tr><tr><td width=\"129\">Cookies de publicidad comportamental<\/td><td valign=\"top\" width=\"40%\">Permiten al editor incluir en la p\u00e1gina web espacios publicitarios seg\u00fan la informaci\u00f3n obtenida a trav\u00e9s de los h\u00e1bitos de navegaci\u00f3n del usuario.<\/td><\/tr><\/tbody><\/table><p>Seg\u00fan lo dispuesto en el art\u00edculo 22.2 de la Ley 34\/2002, de 11 de julio, de Servicios de la Sociedad de la Informaci\u00f3n y de Comercio Electr\u00f3nico (LSSI-CE),\u00a0<strong>Supermoble, S.L.\u00a0<\/strong>informa de las cookies utilizadas en nuestra website:<\/p><table border=\"1\" width=\"100%\" cellspacing=\"0\" cellpadding=\"0\"><tbody><tr><td valign=\"top\" width=\"25\">\u00a0<\/td><td valign=\"top\" width=\"122\">\u00a0<\/td><td colspan=\"4\" valign=\"top\" width=\"340\"><strong>TIPOS DE COOKIES<\/strong><\/td><\/tr><tr><td valign=\"top\" width=\"25\">\u00a0<\/td><td valign=\"top\" width=\"122\">\u00a0<\/td><td valign=\"top\" width=\"78\">Cookies propias<\/td><td valign=\"top\" width=\"92\">Cookies de tercero<\/td><td valign=\"top\" width=\"78\">Cookies de sesi\u00f3n<\/td><td valign=\"top\" width=\"92\">Cookies persistentes<\/td><\/tr><tr><td rowspan=\"5\" valign=\"top\" width=\"25\"><strong>FINALIDAD<\/strong><\/td><td width=\"122\">Cookies t\u00e9cnicas<\/td><td style=\"text-align: center;\" valign=\"top\" width=\"78\">X<\/td><td valign=\"top\" width=\"92\">\u00a0<\/td><td valign=\"top\" width=\"78\">\u00a0<\/td><td valign=\"top\" width=\"92\">\u00a0<\/td><\/tr><tr><td width=\"122\">Cookies de personalizaci\u00f3n<\/td><td valign=\"top\" width=\"78\">\u00a0<\/td><td valign=\"top\" width=\"92\">\u00a0<\/td><td valign=\"top\" width=\"78\">\u00a0<\/td><td valign=\"top\" width=\"92\">\u00a0<\/td><\/tr><tr><td width=\"122\">Cookies de an\u00e1lisis<\/td><td valign=\"top\" width=\"78\">\u00a0<\/td><td valign=\"top\" width=\"92\">\u00a0<\/td><td valign=\"top\" width=\"78\">\u00a0<\/td><td valign=\"top\" width=\"92\">\u00a0<\/td><\/tr><tr><td width=\"122\">Cookies de publicidad comportamental<\/td><td valign=\"top\" width=\"78\">\u00a0<\/td><td valign=\"top\" width=\"92\">\u00a0<\/td><td valign=\"top\" width=\"78\">\u00a0<\/td><td valign=\"top\" width=\"92\">\u00a0<\/td><\/tr><\/tbody><\/table><p><strong>www.mobimark.es<\/strong> usa cookies propias (t\u00e9cnicas) necesarias para la navegaci\u00f3n por su sitio web.<\/p><p>Asimismo,\u00a0<strong>Supermoble, S.L.<\/strong>\u00a0informa al usuario de que tiene la posibilidad de configurar su navegador de modo que se le informe de la recepci\u00f3n de cookies, pudiendo, si as\u00ed lo desea, impedir que sean instaladas en su disco duro.<\/p><p>A continuaci\u00f3n le proporcionamos los enlaces de diversos navegadores, a trav\u00e9s de los cuales podr\u00e1 realizar dicha configuraci\u00f3n:<\/p><p><strong><em>Firefox desde aqu\u00ed:<\/em><\/strong>\u00a0<a href=\"http:\/\/support.mozilla.org\/es\/kb\/habilitar-y-deshabilitar-cookies-que-los-sitios-we\" target=\"_blank\" rel=\"external noopener noreferrer\" data-wpel-link=\"external\">http:\/\/support.mozilla.org\/es\/kb\/habilitar-y-deshabilitar-cookies-que-los-sitios-we<\/a><\/p><p><strong><em>Chrome desde aqu\u00ed:<\/em><\/strong>\u00a0<a href=\"http:\/\/support.google.com\/chrome\/bin\/answer.py?hl=es&answer=95647\" target=\"_blank\" rel=\"external noopener noreferrer\" data-wpel-link=\"external\">http:\/\/support.google.com\/chrome\/bin\/answer.py?hl=es&answer=95647<\/a><\/p><p><strong><em>Explorer desde aqu\u00ed:<\/em><\/strong>\u00a0<a href=\"http:\/\/windows.microsoft.com\/es-es\/windows7\/how-to-manage-cookies-in-internet-explorer-9\" target=\"_blank\" rel=\"external noopener noreferrer\" data-wpel-link=\"external\">http:\/\/windows.microsoft.com\/es-es\/windows7\/how-to-manage-cookies-in-internet-explorer-9<\/a><\/p><p><strong><em>Safari desde aqu\u00ed:\u00a0<\/em><\/strong><a href=\"http:\/\/support.apple.com\/kb\/ph5042\" target=\"_blank\" rel=\"external noopener noreferrer\" data-wpel-link=\"external\">http:\/\/support.apple.com\/kb\/ph5042<\/a><\/p><p><strong><em>Opera desde aqu\u00ed:<\/em><\/strong><a href=\"https:\/\/www.opera.com\/help\/tutorials\/security\/privacy\/\" target=\"_blank\" rel=\"external noopener noreferrer\" data-wpel-link=\"external\">https:\/\/www.opera.com\/help\/tutorials\/security\/privacy\/<\/a><\/p>\t\t<\/div>\n\n\t\t\n\t\t\t\t<\/div><!-- .dslc-module -->\n\t\t<\/div><\/div><\/div><\/div><\/div>","protected":false},"excerpt":{"rendered":"<p>Politicas de privacidad En cumplimiento de la Ley 34\/2002, de 11 de julio, de Servicios de la Sociedad de la Informaci\u00f3n y de Comercio Electr\u00f3nico (LSSI-CE) Supermoble, S.L. con domicilio&nbsp;[&hellip;]<\/p>\n","protected":false},"author":2,"featured_media":0,"parent":0,"menu_order":0,"comment_status":"closed","ping_status":"closed","template":"page-templates\/page_builder.php","meta":{"footnotes":""},"class_list":["post-39","page","type-page","status-publish","hentry","clearfix"],"yoast_head":"<!-- This site is optimized with the Yoast SEO plugin v27.2 - https:\/\/yoast.com\/product\/yoast-seo-wordpress\/ -->\n<title>Pol\u00edtica de privacidad - GRUP MOBIMARK | Mobles a Sant Celoni<\/title>\n<meta name=\"description\" content=\"En cumplimiento de la LSSICE, Supermoble, S.L. como propietario de esta web, informa de sus condiciones de uso y de sus pol\u00edticas de privacidad y de cookies\" \/>\n<meta name=\"robots\" content=\"index, follow, max-snippet:-1, max-image-preview:large, max-video-preview:-1\" \/>\n<link rel=\"canonical\" href=\"https:\/\/mobimark.es\/corporate\/politica-de-privacidad\/\" \/>\n<meta property=\"og:locale\" content=\"es_ES\" \/>\n<meta property=\"og:type\" content=\"article\" \/>\n<meta property=\"og:title\" content=\"Pol\u00edtica de privacidad - GRUP MOBIMARK | Mobles a Sant Celoni\" \/>\n<meta property=\"og:description\" content=\"En cumplimiento de la LSSICE, Supermoble, S.L. como propietario de esta web, informa de sus condiciones de uso y de sus pol\u00edticas de privacidad y de cookies\" \/>\n<meta property=\"og:url\" content=\"https:\/\/mobimark.es\/corporate\/politica-de-privacidad\/\" \/>\n<meta property=\"og:site_name\" content=\"GRUP MOBIMARK | Mobles a Sant Celoni\" \/>\n<meta property=\"article:publisher\" content=\"https:\/\/www.facebook.com\/GrupMobimark\/\" \/>\n<meta property=\"article:modified_time\" content=\"2018-08-24T16:34:39+00:00\" \/>\n<meta name=\"twitter:card\" content=\"summary_large_image\" \/>\n<meta name=\"twitter:label1\" content=\"Tiempo de lectura\" \/>\n\t<meta name=\"twitter:data1\" content=\"5 minutos\" \/>\n<script type=\"application\/ld+json\" class=\"yoast-schema-graph\">{\"@context\":\"https:\/\/schema.org\",\"@graph\":[{\"@type\":\"WebPage\",\"@id\":\"https:\/\/mobimark.es\/corporate\/politica-de-privacidad\/\",\"url\":\"https:\/\/mobimark.es\/corporate\/politica-de-privacidad\/\",\"name\":\"Pol\u00edtica de privacidad - GRUP MOBIMARK | Mobles a Sant Celoni\",\"isPartOf\":{\"@id\":\"https:\/\/mobimark.es\/corporate\/#website\"},\"datePublished\":\"2017-12-20T18:41:31+00:00\",\"dateModified\":\"2018-08-24T16:34:39+00:00\",\"description\":\"En cumplimiento de la LSSICE, Supermoble, S.L. como propietario de esta web, informa de sus condiciones de uso y de sus pol\u00edticas de privacidad y de cookies\",\"breadcrumb\":{\"@id\":\"https:\/\/mobimark.es\/corporate\/politica-de-privacidad\/#breadcrumb\"},\"inLanguage\":\"es\",\"potentialAction\":[{\"@type\":\"ReadAction\",\"target\":[\"https:\/\/mobimark.es\/corporate\/politica-de-privacidad\/\"]}]},{\"@type\":\"BreadcrumbList\",\"@id\":\"https:\/\/mobimark.es\/corporate\/politica-de-privacidad\/#breadcrumb\",\"itemListElement\":[{\"@type\":\"ListItem\",\"position\":1,\"name\":\"Portada\",\"item\":\"https:\/\/mobimark.es\/corporate\/\"},{\"@type\":\"ListItem\",\"position\":2,\"name\":\"Pol\u00edtica de privacidad\"}]},{\"@type\":\"WebSite\",\"@id\":\"https:\/\/mobimark.es\/corporate\/#website\",\"url\":\"https:\/\/mobimark.es\/corporate\/\",\"name\":\"GRUP MOBIMARK | Mobles a Sant Celoni\",\"description\":\"Botiga de Mobles a Sant Celoni\",\"publisher\":{\"@id\":\"https:\/\/mobimark.es\/corporate\/#organization\"},\"potentialAction\":[{\"@type\":\"SearchAction\",\"target\":{\"@type\":\"EntryPoint\",\"urlTemplate\":\"https:\/\/mobimark.es\/corporate\/?s={search_term_string}\"},\"query-input\":{\"@type\":\"PropertyValueSpecification\",\"valueRequired\":true,\"valueName\":\"search_term_string\"}}],\"inLanguage\":\"es\"},{\"@type\":\"Organization\",\"@id\":\"https:\/\/mobimark.es\/corporate\/#organization\",\"name\":\"MOBIMARK |\u00a0Showroom mobiliari\",\"url\":\"https:\/\/mobimark.es\/corporate\/\",\"logo\":{\"@type\":\"ImageObject\",\"inLanguage\":\"es\",\"@id\":\"https:\/\/mobimark.es\/corporate\/#\/schema\/logo\/image\/\",\"url\":\"https:\/\/mobimark.es\/corporate\/wp-content\/uploads\/2018\/04\/logo_mobimark-web.png\",\"contentUrl\":\"https:\/\/mobimark.es\/corporate\/wp-content\/uploads\/2018\/04\/logo_mobimark-web.png\",\"width\":350,\"height\":85,\"caption\":\"MOBIMARK |\u00a0Showroom mobiliari\"},\"image\":{\"@id\":\"https:\/\/mobimark.es\/corporate\/#\/schema\/logo\/image\/\"},\"sameAs\":[\"https:\/\/www.facebook.com\/GrupMobimark\/\"]}]}<\/script>\n<!-- \/ Yoast SEO plugin. -->","yoast_head_json":{"title":"Pol\u00edtica de privacidad - GRUP MOBIMARK | Mobles a Sant Celoni","description":"En cumplimiento de la LSSICE, Supermoble, S.L. como propietario de esta web, informa de sus condiciones de uso y de sus pol\u00edticas de privacidad y de cookies","robots":{"index":"index","follow":"follow","max-snippet":"max-snippet:-1","max-image-preview":"max-image-preview:large","max-video-preview":"max-video-preview:-1"},"canonical":"https:\/\/mobimark.es\/corporate\/politica-de-privacidad\/","og_locale":"es_ES","og_type":"article","og_title":"Pol\u00edtica de privacidad - GRUP MOBIMARK | Mobles a Sant Celoni","og_description":"En cumplimiento de la LSSICE, Supermoble, S.L. como propietario de esta web, informa de sus condiciones de uso y de sus pol\u00edticas de privacidad y de cookies","og_url":"https:\/\/mobimark.es\/corporate\/politica-de-privacidad\/","og_site_name":"GRUP MOBIMARK | Mobles a Sant Celoni","article_publisher":"https:\/\/www.facebook.com\/GrupMobimark\/","article_modified_time":"2018-08-24T16:34:39+00:00","twitter_card":"summary_large_image","twitter_misc":{"Tiempo de lectura":"5 minutos"},"schema":{"@context":"https:\/\/schema.org","@graph":[{"@type":"WebPage","@id":"https:\/\/mobimark.es\/corporate\/politica-de-privacidad\/","url":"https:\/\/mobimark.es\/corporate\/politica-de-privacidad\/","name":"Pol\u00edtica de privacidad - GRUP MOBIMARK | Mobles a Sant Celoni","isPartOf":{"@id":"https:\/\/mobimark.es\/corporate\/#website"},"datePublished":"2017-12-20T18:41:31+00:00","dateModified":"2018-08-24T16:34:39+00:00","description":"En cumplimiento de la LSSICE, Supermoble, S.L. como propietario de esta web, informa de sus condiciones de uso y de sus pol\u00edticas de privacidad y de cookies","breadcrumb":{"@id":"https:\/\/mobimark.es\/corporate\/politica-de-privacidad\/#breadcrumb"},"inLanguage":"es","potentialAction":[{"@type":"ReadAction","target":["https:\/\/mobimark.es\/corporate\/politica-de-privacidad\/"]}]},{"@type":"BreadcrumbList","@id":"https:\/\/mobimark.es\/corporate\/politica-de-privacidad\/#breadcrumb","itemListElement":[{"@type":"ListItem","position":1,"name":"Portada","item":"https:\/\/mobimark.es\/corporate\/"},{"@type":"ListItem","position":2,"name":"Pol\u00edtica de privacidad"}]},{"@type":"WebSite","@id":"https:\/\/mobimark.es\/corporate\/#website","url":"https:\/\/mobimark.es\/corporate\/","name":"GRUP MOBIMARK | Mobles a Sant Celoni","description":"Botiga de Mobles a Sant Celoni","publisher":{"@id":"https:\/\/mobimark.es\/corporate\/#organization"},"potentialAction":[{"@type":"SearchAction","target":{"@type":"EntryPoint","urlTemplate":"https:\/\/mobimark.es\/corporate\/?s={search_term_string}"},"query-input":{"@type":"PropertyValueSpecification","valueRequired":true,"valueName":"search_term_string"}}],"inLanguage":"es"},{"@type":"Organization","@id":"https:\/\/mobimark.es\/corporate\/#organization","name":"MOBIMARK |\u00a0Showroom mobiliari","url":"https:\/\/mobimark.es\/corporate\/","logo":{"@type":"ImageObject","inLanguage":"es","@id":"https:\/\/mobimark.es\/corporate\/#\/schema\/logo\/image\/","url":"https:\/\/mobimark.es\/corporate\/wp-content\/uploads\/2018\/04\/logo_mobimark-web.png","contentUrl":"https:\/\/mobimark.es\/corporate\/wp-content\/uploads\/2018\/04\/logo_mobimark-web.png","width":350,"height":85,"caption":"MOBIMARK |\u00a0Showroom mobiliari"},"image":{"@id":"https:\/\/mobimark.es\/corporate\/#\/schema\/logo\/image\/"},"sameAs":["https:\/\/www.facebook.com\/GrupMobimark\/"]}]}},"_links":{"self":[{"href":"https:\/\/mobimark.es\/corporate\/wp-json\/wp\/v2\/pages\/39","targetHints":{"allow":["GET"]}}],"collection":[{"href":"https:\/\/mobimark.es\/corporate\/wp-json\/wp\/v2\/pages"}],"about":[{"href":"https:\/\/mobimark.es\/corporate\/wp-json\/wp\/v2\/types\/page"}],"author":[{"embeddable":true,"href":"https:\/\/mobimark.es\/corporate\/wp-json\/wp\/v2\/users\/2"}],"replies":[{"embeddable":true,"href":"https:\/\/mobimark.es\/corporate\/wp-json\/wp\/v2\/comments?post=39"}],"version-history":[{"count":2,"href":"https:\/\/mobimark.es\/corporate\/wp-json\/wp\/v2\/pages\/39\/revisions"}],"predecessor-version":[{"id":42,"href":"https:\/\/mobimark.es\/corporate\/wp-json\/wp\/v2\/pages\/39\/revisions\/42"}],"wp:attachment":[{"href":"https:\/\/mobimark.es\/corporate\/wp-json\/wp\/v2\/media?parent=39"}],"curies":[{"name":"wp","href":"https:\/\/api.w.org\/{rel}","templated":true}]}}