{"id":275,"date":"2018-11-20T16:12:12","date_gmt":"2018-11-20T14:12:12","guid":{"rendered":"https:\/\/mobimark.es\/corporate\/tienda\/"},"modified":"2018-12-31T11:34:57","modified_gmt":"2018-12-31T10:34:57","slug":"catalogo","status":"publish","type":"page","link":"https:\/\/mobimark.es\/corporate\/catalogo\/","title":{"rendered":"Cat\u00e1logo"},"content":{"rendered":"<div id=\"dslc-theme-content\"><div id=\"dslc-theme-content-inner\"><div id=\"metaslider-id-625\" style=\"max-width: 1200px;\" class=\"ml-slider-3-103-0 metaslider metaslider-flex metaslider-625 ml-slider has-dots-nav ms-theme-default\" role=\"region\" aria-label=\"Nueva presentaci\u00f3n de diapositivas\" data-height=\"628\" data-width=\"1200\">\n    <div id=\"metaslider_container_625\">\n        <div id=\"metaslider_625\">\n            <ul class='slides'>\n                <li style=\"display: block; width: 100%;\" class=\"slide-1551 ms-image \" aria-roledescription=\"slide\" data-date=\"2020-11-12 10:13:59\" data-slide-type=\"image\"><a href=\"https:\/\/mobimark.es\/corporate\/producto\/oferta-colchon-diamond\/\" target=\"_self\" aria-label=\"Ver Oferta Colch\u00f3n Diamond\" class=\"metaslider_image_link\"><img loading=\"lazy\" decoding=\"async\" src=\"https:\/\/mobimark.es\/corporate\/wp-content\/uploads\/2025\/01\/Mobimark-20250120-REBAJAS-Diamond.webp\" height=\"628\" width=\"1200\" alt=\"Oferta Colch\u00f3n Diamond\" class=\"slider-625 slide-1551 msDefaultImage\" title=\"Mobimark-20250120-REBAJAS-Diamond\" \/><\/a><\/li>\n                <li style=\"display: none; width: 100%;\" class=\"slide-12146 ms-image \" aria-roledescription=\"slide\" data-date=\"2024-10-18 11:36:25\" data-slide-type=\"image\"><img loading=\"lazy\" decoding=\"async\" src=\"https:\/\/mobimark.es\/corporate\/wp-content\/uploads\/2024\/10\/Mobimark-20241018-SalonTV.webp\" height=\"628\" width=\"1200\" alt=\"\" class=\"slider-625 slide-12146 msDefaultImage\" title=\"Mobimark-20241018-SalonTV\" \/><\/li>\n                <li style=\"display: none; width: 100%;\" class=\"slide-12459 ms-image \" aria-roledescription=\"slide\" data-date=\"2025-01-20 20:28:41\" data-slide-type=\"image\"><a href=\"https:\/\/mobimark.es\/corporate\/?product=mesa-multiusos-elevable-a-distancia\" target=\"_self\" aria-label=\"Ver Oferta Mesa Multiusos elevadle\" class=\"metaslider_image_link\"><img loading=\"lazy\" decoding=\"async\" src=\"https:\/\/mobimark.es\/corporate\/wp-content\/uploads\/2020\/11\/Mobimark-20201112-mesa-multiusos-elevable.jpg\" height=\"628\" width=\"1200\" alt=\"\" class=\"slider-625 slide-12459 msDefaultImage\" title=\"Mobimark-20201112-mesa multiusos elevable\" \/><\/a><\/li>\n            <\/ul>\n        <\/div>\n        \n    <\/div>\n<\/div>\n<p>&nbsp;<\/p>\n<hr \/>\n<h3>PRODUCTOS DESTACADOS<\/h3>\n<div class=\"woocommerce columns-4 \"><ul class=\"products columns-4\">\n<li class=\"clearfix product type-product post-697 status-publish first instock product_cat-catalogo-general product_cat-colchones product_cat-descanso product_cat-ofertas-y-rebajas has-post-thumbnail sale featured taxable shipping-taxable purchasable product-type-simple\">\n\t<a href=\"https:\/\/mobimark.es\/corporate\/producto\/colchon-con-grafeno\/\" class=\"woocommerce-LoopProduct-link woocommerce-loop-product__link\">\n\t<span class=\"onsale\">\u00a1Oferta!<\/span>\n\t<img loading=\"lazy\" decoding=\"async\" width=\"300\" height=\"300\" src=\"https:\/\/mobimark.es\/corporate\/wp-content\/uploads\/2018\/11\/hilding-anders-spain-colchones-trevi-300x300.jpg\" class=\"attachment-woocommerce_thumbnail size-woocommerce_thumbnail\" alt=\"Colch\u00f3n Con Grafeno\" srcset=\"https:\/\/mobimark.es\/corporate\/wp-content\/uploads\/2018\/11\/hilding-anders-spain-colchones-trevi-300x300.jpg 300w, https:\/\/mobimark.es\/corporate\/wp-content\/uploads\/2018\/11\/hilding-anders-spain-colchones-trevi-150x150.jpg 150w, https:\/\/mobimark.es\/corporate\/wp-content\/uploads\/2018\/11\/hilding-anders-spain-colchones-trevi-100x100.jpg 100w\" sizes=\"auto, (max-width: 300px) 100vw, 300px\" \/><h2 class=\"woocommerce-loop-product__title\">Colch\u00f3n Con Grafeno<\/h2>\n<\/a><\/li>\n<li class=\"clearfix product type-product post-592 status-publish instock product_cat-catalogo-general product_cat-inicio product_cat-mesas-y-sillas product_cat-novedades product_cat-salon has-post-thumbnail featured taxable shipping-taxable purchasable product-type-simple\">\n\t<a href=\"https:\/\/mobimark.es\/corporate\/producto\/mesa-consola-extensible\/\" class=\"woocommerce-LoopProduct-link woocommerce-loop-product__link\"><img loading=\"lazy\" decoding=\"async\" width=\"300\" height=\"300\" src=\"https:\/\/mobimark.es\/corporate\/wp-content\/uploads\/2018\/11\/308-Mesa-Consola-Extensible-300x300.jpg\" class=\"attachment-woocommerce_thumbnail size-woocommerce_thumbnail\" alt=\"Mesa Consola Extensible\" srcset=\"https:\/\/mobimark.es\/corporate\/wp-content\/uploads\/2018\/11\/308-Mesa-Consola-Extensible-300x300.jpg 300w, https:\/\/mobimark.es\/corporate\/wp-content\/uploads\/2018\/11\/308-Mesa-Consola-Extensible-150x150.jpg 150w, https:\/\/mobimark.es\/corporate\/wp-content\/uploads\/2018\/11\/308-Mesa-Consola-Extensible-768x768.jpg 768w, https:\/\/mobimark.es\/corporate\/wp-content\/uploads\/2018\/11\/308-Mesa-Consola-Extensible-1024x1024.jpg 1024w, https:\/\/mobimark.es\/corporate\/wp-content\/uploads\/2018\/11\/308-Mesa-Consola-Extensible-680x680.jpg 680w, https:\/\/mobimark.es\/corporate\/wp-content\/uploads\/2018\/11\/308-Mesa-Consola-Extensible-540x540.jpg 540w, https:\/\/mobimark.es\/corporate\/wp-content\/uploads\/2018\/11\/308-Mesa-Consola-Extensible-600x600.jpg 600w, https:\/\/mobimark.es\/corporate\/wp-content\/uploads\/2018\/11\/308-Mesa-Consola-Extensible-100x100.jpg 100w, https:\/\/mobimark.es\/corporate\/wp-content\/uploads\/2018\/11\/308-Mesa-Consola-Extensible.jpg 1080w\" sizes=\"auto, (max-width: 300px) 100vw, 300px\" \/><h2 class=\"woocommerce-loop-product__title\">Mesa Consola Extensible<\/h2>\n<\/a><\/li>\n<li class=\"clearfix product type-product post-588 status-publish instock product_cat-catalogo-general product_cat-inicio product_cat-mesas-y-sillas product_cat-novedades product_cat-salon has-post-thumbnail featured taxable shipping-taxable purchasable product-type-simple\">\n\t<a href=\"https:\/\/mobimark.es\/corporate\/producto\/mesa-extensible\/\" class=\"woocommerce-LoopProduct-link woocommerce-loop-product__link\"><img loading=\"lazy\" decoding=\"async\" width=\"300\" height=\"300\" src=\"https:\/\/mobimark.es\/corporate\/wp-content\/uploads\/2018\/11\/302-Mesa-Extensible-300x300.jpg\" class=\"attachment-woocommerce_thumbnail size-woocommerce_thumbnail\" alt=\"Mesa Extensible\" srcset=\"https:\/\/mobimark.es\/corporate\/wp-content\/uploads\/2018\/11\/302-Mesa-Extensible-300x300.jpg 300w, https:\/\/mobimark.es\/corporate\/wp-content\/uploads\/2018\/11\/302-Mesa-Extensible-150x150.jpg 150w, https:\/\/mobimark.es\/corporate\/wp-content\/uploads\/2018\/11\/302-Mesa-Extensible-100x100.jpg 100w\" sizes=\"auto, (max-width: 300px) 100vw, 300px\" \/><h2 class=\"woocommerce-loop-product__title\">Mesa Extensible<\/h2>\n<\/a><\/li>\n<li class=\"clearfix product type-product post-581 status-publish last instock product_cat-catalogo-general product_cat-inicio product_cat-novedades product_cat-recibidores has-post-thumbnail featured taxable shipping-taxable purchasable product-type-simple\">\n\t<a href=\"https:\/\/mobimark.es\/corporate\/producto\/recibidor-consola-y-2-espejos\/\" class=\"woocommerce-LoopProduct-link woocommerce-loop-product__link\"><img loading=\"lazy\" decoding=\"async\" width=\"300\" height=\"300\" src=\"https:\/\/mobimark.es\/corporate\/wp-content\/uploads\/2018\/10\/299-Recibidor-Consola-y-2-Espejos-300x300.jpg\" class=\"attachment-woocommerce_thumbnail size-woocommerce_thumbnail\" alt=\"Recibidor Consola y 2 Espejos\" srcset=\"https:\/\/mobimark.es\/corporate\/wp-content\/uploads\/2018\/10\/299-Recibidor-Consola-y-2-Espejos-300x300.jpg 300w, https:\/\/mobimark.es\/corporate\/wp-content\/uploads\/2018\/10\/299-Recibidor-Consola-y-2-Espejos-150x150.jpg 150w, https:\/\/mobimark.es\/corporate\/wp-content\/uploads\/2018\/10\/299-Recibidor-Consola-y-2-Espejos-768x768.jpg 768w, https:\/\/mobimark.es\/corporate\/wp-content\/uploads\/2018\/10\/299-Recibidor-Consola-y-2-Espejos-680x680.jpg 680w, https:\/\/mobimark.es\/corporate\/wp-content\/uploads\/2018\/10\/299-Recibidor-Consola-y-2-Espejos-540x540.jpg 540w, https:\/\/mobimark.es\/corporate\/wp-content\/uploads\/2018\/10\/299-Recibidor-Consola-y-2-Espejos-600x600.jpg 600w, https:\/\/mobimark.es\/corporate\/wp-content\/uploads\/2018\/10\/299-Recibidor-Consola-y-2-Espejos-100x100.jpg 100w, https:\/\/mobimark.es\/corporate\/wp-content\/uploads\/2018\/10\/299-Recibidor-Consola-y-2-Espejos.jpg 800w\" sizes=\"auto, (max-width: 300px) 100vw, 300px\" \/><h2 class=\"woocommerce-loop-product__title\">Recibidor Consola y 2 Espejos<\/h2>\n<\/a><\/li>\n<li class=\"clearfix product type-product post-516 status-publish first instock product_cat-catalogo-general product_cat-dormitorios product_cat-inicio product_cat-juveniles product_cat-novedades has-post-thumbnail featured taxable shipping-taxable purchasable product-type-simple\">\n\t<a href=\"https:\/\/mobimark.es\/corporate\/producto\/cama-nido-conjunto-habitacion-juvenil\/\" class=\"woocommerce-LoopProduct-link woocommerce-loop-product__link\"><img loading=\"lazy\" decoding=\"async\" width=\"300\" height=\"300\" src=\"https:\/\/mobimark.es\/corporate\/wp-content\/uploads\/2018\/09\/250-Cama-Nido-Conjunto-Habitacion-Juvenil-300x300.jpg\" class=\"attachment-woocommerce_thumbnail size-woocommerce_thumbnail\" alt=\"Cama Nido Conjunto Habitaci\u00f3n Juvenil\" srcset=\"https:\/\/mobimark.es\/corporate\/wp-content\/uploads\/2018\/09\/250-Cama-Nido-Conjunto-Habitacion-Juvenil-300x300.jpg 300w, https:\/\/mobimark.es\/corporate\/wp-content\/uploads\/2018\/09\/250-Cama-Nido-Conjunto-Habitacion-Juvenil-150x150.jpg 150w, https:\/\/mobimark.es\/corporate\/wp-content\/uploads\/2018\/09\/250-Cama-Nido-Conjunto-Habitacion-Juvenil-768x768.jpg 768w, https:\/\/mobimark.es\/corporate\/wp-content\/uploads\/2018\/09\/250-Cama-Nido-Conjunto-Habitacion-Juvenil-680x680.jpg 680w, https:\/\/mobimark.es\/corporate\/wp-content\/uploads\/2018\/09\/250-Cama-Nido-Conjunto-Habitacion-Juvenil-540x540.jpg 540w, https:\/\/mobimark.es\/corporate\/wp-content\/uploads\/2018\/09\/250-Cama-Nido-Conjunto-Habitacion-Juvenil-600x600.jpg 600w, https:\/\/mobimark.es\/corporate\/wp-content\/uploads\/2018\/09\/250-Cama-Nido-Conjunto-Habitacion-Juvenil-100x100.jpg 100w, https:\/\/mobimark.es\/corporate\/wp-content\/uploads\/2018\/09\/250-Cama-Nido-Conjunto-Habitacion-Juvenil.jpg 800w\" sizes=\"auto, (max-width: 300px) 100vw, 300px\" \/><h2 class=\"woocommerce-loop-product__title\">Cama Nido Conjunto Habitaci\u00f3n Juvenil<\/h2>\n<\/a><\/li>\n<\/ul>\n<\/div>\n<hr \/>\n<h3>TODOS LOS PRODUCTOS<\/h3>\n<\/div><\/div>","protected":false},"excerpt":{"rendered":"<p>&nbsp; PRODUCTOS DESTACADOS TODOS LOS PRODUCTOS<\/p>\n","protected":false},"author":1,"featured_media":0,"parent":0,"menu_order":0,"comment_status":"closed","ping_status":"closed","template":"","meta":{"footnotes":""},"class_list":["post-275","page","type-page","status-publish","hentry","clearfix"],"yoast_head":"<!-- This site is optimized with the Yoast SEO plugin v27.2 - https:\/\/yoast.com\/product\/yoast-seo-wordpress\/ -->\n<title>Cat\u00e1logo - GRUP MOBIMARK | Mobles a Sant Celoni<\/title>\n<meta name=\"description\" content=\"Descubre el cat\u00e1logo de muebles y complementos de decoraci\u00f3n para tu hogar de GRUP MOBIMARK. Cont\u00e1ctanos para m\u00e1s informaci\u00f3n.\" \/>\n<meta name=\"robots\" content=\"index, follow, max-snippet:-1, max-image-preview:large, max-video-preview:-1\" \/>\n<link rel=\"canonical\" href=\"https:\/\/mobimark.es\/corporate\/catalogo\/\" \/>\n<meta property=\"og:locale\" content=\"es_ES\" \/>\n<meta property=\"og:type\" content=\"article\" \/>\n<meta property=\"og:title\" content=\"Cat\u00e1logo - GRUP MOBIMARK | Mobles a Sant Celoni\" \/>\n<meta property=\"og:description\" content=\"Descubre el cat\u00e1logo de muebles y complementos de decoraci\u00f3n para tu hogar de GRUP MOBIMARK. Cont\u00e1ctanos para m\u00e1s informaci\u00f3n.\" \/>\n<meta property=\"og:url\" content=\"https:\/\/mobimark.es\/corporate\/catalogo\/\" \/>\n<meta property=\"og:site_name\" content=\"GRUP MOBIMARK | Mobles a Sant Celoni\" \/>\n<meta property=\"article:publisher\" content=\"https:\/\/www.facebook.com\/GrupMobimark\/\" \/>\n<meta property=\"article:modified_time\" content=\"2018-12-31T10:34:57+00:00\" \/>\n<meta name=\"twitter:card\" content=\"summary_large_image\" \/>\n<script type=\"application\/ld+json\" class=\"yoast-schema-graph\">{\"@context\":\"https:\/\/schema.org\",\"@graph\":[{\"@type\":\"WebPage\",\"@id\":\"https:\/\/mobimark.es\/corporate\/catalogo\/\",\"url\":\"https:\/\/mobimark.es\/corporate\/catalogo\/\",\"name\":\"Cat\u00e1logo - GRUP MOBIMARK | Mobles a Sant Celoni\",\"isPartOf\":{\"@id\":\"https:\/\/mobimark.es\/corporate\/#website\"},\"datePublished\":\"2018-11-20T14:12:12+00:00\",\"dateModified\":\"2018-12-31T10:34:57+00:00\",\"description\":\"Descubre el cat\u00e1logo de muebles y complementos de decoraci\u00f3n para tu hogar de GRUP MOBIMARK. Cont\u00e1ctanos para m\u00e1s informaci\u00f3n.\",\"breadcrumb\":{\"@id\":\"https:\/\/mobimark.es\/corporate\/catalogo\/#breadcrumb\"},\"inLanguage\":\"es\",\"potentialAction\":[{\"@type\":\"ReadAction\",\"target\":[\"https:\/\/mobimark.es\/corporate\/catalogo\/\"]}]},{\"@type\":\"BreadcrumbList\",\"@id\":\"https:\/\/mobimark.es\/corporate\/catalogo\/#breadcrumb\",\"itemListElement\":[{\"@type\":\"ListItem\",\"position\":1,\"name\":\"Portada\",\"item\":\"https:\/\/mobimark.es\/corporate\/\"},{\"@type\":\"ListItem\",\"position\":2,\"name\":\"Cat\u00e1logo\"}]},{\"@type\":\"WebSite\",\"@id\":\"https:\/\/mobimark.es\/corporate\/#website\",\"url\":\"https:\/\/mobimark.es\/corporate\/\",\"name\":\"GRUP MOBIMARK | Mobles a Sant Celoni\",\"description\":\"Botiga de Mobles a Sant Celoni\",\"publisher\":{\"@id\":\"https:\/\/mobimark.es\/corporate\/#organization\"},\"potentialAction\":[{\"@type\":\"SearchAction\",\"target\":{\"@type\":\"EntryPoint\",\"urlTemplate\":\"https:\/\/mobimark.es\/corporate\/?s={search_term_string}\"},\"query-input\":{\"@type\":\"PropertyValueSpecification\",\"valueRequired\":true,\"valueName\":\"search_term_string\"}}],\"inLanguage\":\"es\"},{\"@type\":\"Organization\",\"@id\":\"https:\/\/mobimark.es\/corporate\/#organization\",\"name\":\"MOBIMARK |\u00a0Showroom mobiliari\",\"url\":\"https:\/\/mobimark.es\/corporate\/\",\"logo\":{\"@type\":\"ImageObject\",\"inLanguage\":\"es\",\"@id\":\"https:\/\/mobimark.es\/corporate\/#\/schema\/logo\/image\/\",\"url\":\"https:\/\/mobimark.es\/corporate\/wp-content\/uploads\/2018\/04\/logo_mobimark-web.png\",\"contentUrl\":\"https:\/\/mobimark.es\/corporate\/wp-content\/uploads\/2018\/04\/logo_mobimark-web.png\",\"width\":350,\"height\":85,\"caption\":\"MOBIMARK |\u00a0Showroom mobiliari\"},\"image\":{\"@id\":\"https:\/\/mobimark.es\/corporate\/#\/schema\/logo\/image\/\"},\"sameAs\":[\"https:\/\/www.facebook.com\/GrupMobimark\/\"]}]}<\/script>\n<!-- \/ Yoast SEO plugin. -->","yoast_head_json":{"title":"Cat\u00e1logo - GRUP MOBIMARK | Mobles a Sant Celoni","description":"Descubre el cat\u00e1logo de muebles y complementos de decoraci\u00f3n para tu hogar de GRUP MOBIMARK. Cont\u00e1ctanos para m\u00e1s informaci\u00f3n.","robots":{"index":"index","follow":"follow","max-snippet":"max-snippet:-1","max-image-preview":"max-image-preview:large","max-video-preview":"max-video-preview:-1"},"canonical":"https:\/\/mobimark.es\/corporate\/catalogo\/","og_locale":"es_ES","og_type":"article","og_title":"Cat\u00e1logo - GRUP MOBIMARK | Mobles a Sant Celoni","og_description":"Descubre el cat\u00e1logo de muebles y complementos de decoraci\u00f3n para tu hogar de GRUP MOBIMARK. Cont\u00e1ctanos para m\u00e1s informaci\u00f3n.","og_url":"https:\/\/mobimark.es\/corporate\/catalogo\/","og_site_name":"GRUP MOBIMARK | Mobles a Sant Celoni","article_publisher":"https:\/\/www.facebook.com\/GrupMobimark\/","article_modified_time":"2018-12-31T10:34:57+00:00","twitter_card":"summary_large_image","schema":{"@context":"https:\/\/schema.org","@graph":[{"@type":"WebPage","@id":"https:\/\/mobimark.es\/corporate\/catalogo\/","url":"https:\/\/mobimark.es\/corporate\/catalogo\/","name":"Cat\u00e1logo - GRUP MOBIMARK | Mobles a Sant Celoni","isPartOf":{"@id":"https:\/\/mobimark.es\/corporate\/#website"},"datePublished":"2018-11-20T14:12:12+00:00","dateModified":"2018-12-31T10:34:57+00:00","description":"Descubre el cat\u00e1logo de muebles y complementos de decoraci\u00f3n para tu hogar de GRUP MOBIMARK. Cont\u00e1ctanos para m\u00e1s informaci\u00f3n.","breadcrumb":{"@id":"https:\/\/mobimark.es\/corporate\/catalogo\/#breadcrumb"},"inLanguage":"es","potentialAction":[{"@type":"ReadAction","target":["https:\/\/mobimark.es\/corporate\/catalogo\/"]}]},{"@type":"BreadcrumbList","@id":"https:\/\/mobimark.es\/corporate\/catalogo\/#breadcrumb","itemListElement":[{"@type":"ListItem","position":1,"name":"Portada","item":"https:\/\/mobimark.es\/corporate\/"},{"@type":"ListItem","position":2,"name":"Cat\u00e1logo"}]},{"@type":"WebSite","@id":"https:\/\/mobimark.es\/corporate\/#website","url":"https:\/\/mobimark.es\/corporate\/","name":"GRUP MOBIMARK | Mobles a Sant Celoni","description":"Botiga de Mobles a Sant Celoni","publisher":{"@id":"https:\/\/mobimark.es\/corporate\/#organization"},"potentialAction":[{"@type":"SearchAction","target":{"@type":"EntryPoint","urlTemplate":"https:\/\/mobimark.es\/corporate\/?s={search_term_string}"},"query-input":{"@type":"PropertyValueSpecification","valueRequired":true,"valueName":"search_term_string"}}],"inLanguage":"es"},{"@type":"Organization","@id":"https:\/\/mobimark.es\/corporate\/#organization","name":"MOBIMARK |\u00a0Showroom mobiliari","url":"https:\/\/mobimark.es\/corporate\/","logo":{"@type":"ImageObject","inLanguage":"es","@id":"https:\/\/mobimark.es\/corporate\/#\/schema\/logo\/image\/","url":"https:\/\/mobimark.es\/corporate\/wp-content\/uploads\/2018\/04\/logo_mobimark-web.png","contentUrl":"https:\/\/mobimark.es\/corporate\/wp-content\/uploads\/2018\/04\/logo_mobimark-web.png","width":350,"height":85,"caption":"MOBIMARK |\u00a0Showroom mobiliari"},"image":{"@id":"https:\/\/mobimark.es\/corporate\/#\/schema\/logo\/image\/"},"sameAs":["https:\/\/www.facebook.com\/GrupMobimark\/"]}]}},"_links":{"self":[{"href":"https:\/\/mobimark.es\/corporate\/wp-json\/wp\/v2\/pages\/275","targetHints":{"allow":["GET"]}}],"collection":[{"href":"https:\/\/mobimark.es\/corporate\/wp-json\/wp\/v2\/pages"}],"about":[{"href":"https:\/\/mobimark.es\/corporate\/wp-json\/wp\/v2\/types\/page"}],"author":[{"embeddable":true,"href":"https:\/\/mobimark.es\/corporate\/wp-json\/wp\/v2\/users\/1"}],"replies":[{"embeddable":true,"href":"https:\/\/mobimark.es\/corporate\/wp-json\/wp\/v2\/comments?post=275"}],"version-history":[{"count":23,"href":"https:\/\/mobimark.es\/corporate\/wp-json\/wp\/v2\/pages\/275\/revisions"}],"predecessor-version":[{"id":797,"href":"https:\/\/mobimark.es\/corporate\/wp-json\/wp\/v2\/pages\/275\/revisions\/797"}],"wp:attachment":[{"href":"https:\/\/mobimark.es\/corporate\/wp-json\/wp\/v2\/media?parent=275"}],"curies":[{"name":"wp","href":"https:\/\/api.w.org\/{rel}","templated":true}]}}